{"id":231,"date":"2019-11-04T21:19:33","date_gmt":"2019-11-04T21:19:33","guid":{"rendered":"https:\/\/lifeworks.global\/?page_id=231"},"modified":"2024-10-11T21:09:44","modified_gmt":"2024-10-11T21:09:44","slug":"about-lifeworks-global","status":"publish","type":"page","link":"https:\/\/lifeworks.global\/fr\/about-lifeworks-global\/","title":{"rendered":"\u00c0 propos de Lifeworks mondial"},"content":{"rendered":"[et_pb_section fb_built=\u201d1\u2033 fullwidth=\u201don\u201d _builder_version=\u201d4.7.7\u2033 _module_preset=\u201ddefault\u201d global_colors_info=\u201d{}\u201d][et_pb_fullwidth_header title=\u201d@ET-DC@eyJkeW5hbWljIjp0cnVlLCJjb250ZW50IjoicG9zdF9 0aXRsZSIsInNldHRpbmdzIjp7ImJlZm9yZSI6IiIsImFmdGVyIjoiIn19@\u201d subhead=&quot;S&#039;appuyer sur notre history&quot; text_orientation=&quot;center&quot; background_overlay_color=&quot;rgba(0,0,0,0.3)&quot; content_max_width_tablet=&quot;&quot; content_max_width_phone=&quot;&quot; content_max_width_last_edited=&quot;sur|desktop&quot; _builder_version=&quot;4.9.0\u2033 _dynamic_attributes=&quot;title&quot; _module_preset= \u00ab par d\u00e9faut \u00bb title_font_size= \u00bb70px \u00bb subhead_text_color= \u00bb#ffffff \u00bb subhead_font_size= \u00bb30px \u00bb subhead_line_height= \u00bb1.2em \u00bb background_enable_color= \u00bboff \u00bb background_image= \u00bbhttps:\/\/lifeworks.global\/wp-content\/uploads\/2021\/01\/ \u00c0 propos de nous-banner-Image.jpg\u201d min_height=\u201d350px\u201d min_height_tablet=\u201d300px\u201d min_height_phone=\u201d250px\u201d min_height_last_edited=\u201don|phone\u201d height_tablet=\u201d300px\u201d height_phone=\u201d250px\u201d height_last_edited=\u201don|phone\u201d custom_padding =\u201d10px||||false|false\u201d title_font_size_tablet=\u201d47px\u201d title_font_size_phone=\u201d31px\u201d title_font_size_last_edited=\u201dsur|phone\u201d subhead_font_size_tablet=\u201d23px\u201d subhead_font_size_phone=\u201d15px\u201d subhead_font_size_last_edited=\u201dsur|phone\u201d custom_css_header_container=\u201dmin - largeur\u00a0:\u00a090%\u00a0;\u00a0\u00bb custom_css_title=&quot;padding-top:5vh;&quot; title_text_shadow_style=\u201dpreset1\u2033 subhead_text_shadow_style=\u201dpreset1\u2033 box_shadow_style_image=\u201dpreset4\u2033 global_colors_info=\u201d{}\u201d custom_css_header_container_last_edited=\u201dsur|tablette\u201d custom_css_title_last_edited=\u201dsur|t\u00e9l\u00e9phone\u201d custom_css_content_last_edited=\u201dsur|ordinateur de bureau\u201d personnalis\u00e9 _css_header_container_tablet=&quot;min-largeur\u00a0: 90% ; \u00bb custom_css_header_container_phone=\u201dmin-width:90%;\u201d custom_css_title_tablet=&quot;padding-top:5vh;&quot; custom_css_title_phone=\u201dpadding-top:5vh;\u201d][\/et_pb_fullwidth_header][\/et_pb_section][et_pb_section fb_built=\u201d1\u2033 _builder_version=\u201d4.7.7\u2033 _module_preset=\u201ddefault\u201d global_colors_info=\u201d{}\u201d][et_pb_row custom_padding_last_edited=\u201d sur|tablet\u201d _builder_version=\u201d4.7.7\u2033 _module_preset=\u201ddefault\u201d width=\u201d100%\u201d max_width=\u201d1401px\u201d custom_padding=\u201d|4vw||4vw|false|true\u201d custom_padding_tablet=\u201d\u201d custom_padding_phone=\u201d\u201d global_colors_info=\u201d {}\u201d][et_pb_column type=\u201d4_4\u2033 _builder_version=\u201d4.7.7\u2033 _module_preset=\u201ddefault\u201d global_colors_info=\u201d{}\u201d][et_pb_text _builder_version=\u201d4.8.1\u2033 _module_preset=\u201ddefault\u201d text_font=\u201d|600| ||||||\u201d text_font_size=\u201d22px\u201d text_line_height=\u201d1.5em\u201d header_font_size=\u201d58px\u201d header_2_text_align=\u201dcenter\u201d header_2_font_size=\u201d58px\u201d header_2_line_height=\u201d1.5em\u201d text_orientation=\u201dcenter\u201d text_font_size_tablet=\u201d\u201d text_font_size_phone=\u201d18px\u201d text_font_size_last_edited=\u201d sur |t\u00e9l\u00e9phone&quot; global_colors_info = &quot;{}&quot;]\n<p>Lifeworks Global, initialement connue sous le nom de Lifeworks Foundation, a \u00e9t\u00e9 cr\u00e9\u00e9e pour rechercher et promouvoir des solutions efficaces aux probl\u00e8mes environnementaux et sociaux urgents. Paul Manweiler a fond\u00e9 l&#039;organisation en 2008 et il en est l&#039;unique bailleur de fonds depuis sa cr\u00e9ation. Cependant, pour concr\u00e9tiser pleinement sa vision et apporter un changement positif \u00e0 l\u2019\u00e9chelle mondiale, l\u2019organisation recherche d\u00e9sormais des sources de financement suppl\u00e9mentaires pour \u00e9tendre sa port\u00e9e et ses services.<\/p>\n[\/et_pb_text][\/et_pb_column][\/et_pb_row][\/et_pb_section][et_pb_section fb_built=\u201d1\u2033 _builder_version=\u201d4.14.7\u2033 _module_preset=\u201ddefault\u201d background_color=\u201d#f8f7f5\u2033 width=\u201d100%\u201d custom_padding=\u201d2vh| |2vh||true|false\u201d global_colors_info=\u201d{}\u201d][et_pb_row column_structure=\u201d1_3,2_3\u2033 custom_padding_last_edited=\u201don|phone\u201d _builder_version=\u201d4.8.1\u2033 _module_preset=\u201ddefault\u201d width=\u201d95vw\u201d max_width= \u201d2560px\u201d custom_padding=\u201d4vh|2vw|4vh|2vw|true|true\u201d custom_padding_tablet=\u201d4vh||4vh||true|false\u201d custom_padding_phone=\u201d0px|2vw|0px|2vw|true|true\u201d global_colors_info=\u201d{ }\u201d][et_pb_column type=\u201d1_3\u2033 _builder_version=\u201d4.7.7\u2033 _module_preset=\u201ddefault\u201d global_colors_info=\u201d{}\u201d][et_pb_image src=\u201dhttps:\/\/lifeworks.global\/wp-content\/uploads\/2019\/ 11\/paul-manweiler.jpg\u201d alt=\u201dPaul Manweiler, fondateur et PDG de Lifeworks Global\u201d title_text=\u201dPaul Manweiler, fondateur et PDG de Lifeworks Global\u201d force_fullwidth=\u201don\u201d _builder_version=\u201d4.8.1\u2033 _module_preset=\u201ddefault &quot;min_height_last_edited=&quot;off|desktop&quot; custom_padding=&quot;||||false|false&quot; custom_padding_tablet=&quot;||3vh||false|false&quot; custom_padding_phone=&quot;&quot; custom_padding_last_edited=&quot;sur|tablette&quot; border_color_all=&quot;#7cda24\u2033 global_colors_info=&quot; {}\u201d][\/et_pb_image][\/et_pb_column][et_pb_column type=\u201d2_3\u2033 _builder_version=\u201d4.6.2\u2033 _module_preset=\u201ddefault\u201d global_colors_info=\u201d{}\u201d][et_pb_text _builder_version=\u201d4.14.7\u2033 _module_preset=\u201d par d\u00e9faut&quot; text_font_size=&quot;22px&quot; text_line_height=&quot;1.3em&quot; header_2_font_size=&quot;58px&quot; header_2_line_height=&quot;1.5em&quot; header_3_font_size=&quot;40px&quot; custom_margin_tablet=&quot;|0vw||0vw|false|true&quot; custom_margin_phone=&quot;|0vw||0vw |false|false\u201d custom_margin_last_edited=\u201dsur|desktop\u201d custom_padding_tablet=\u201d\u201d custom_padding_phone=\u201d\u201d custom_padding_last_edited=\u201dsur|phone\u201d text_font_size_tablet=\u201d\u201d text_font_size_phone=\u201d18px\u201d text_font_size_last_edited=\u201dsur|phone\u201d text_letter_spacing_tablet=\u201d\u201d rythme_phone=\u201d &quot; text_letter_spacing_last_edited = &quot; sur | t\u00e9l\u00e9phone &quot; header_2_font_size_tablet = &quot; &quot; header_2_font_size_phone = &quot; 30px &quot; header_2_font_size_last_edited = &quot; sur | t\u00e9l\u00e9phone &quot; global_colors_info = &quot; {} &quot;]\n<h2>Paul Manweiler, fondateur<\/h2>\n<p>Paul a fond\u00e9 Lifeworks Global en 2008 pour l&#039;aider \u00e0 r\u00e9aliser sa vision d&#039;exploiter les nouvelles technologies pour aider les communaut\u00e9s les plus pauvres du monde.<\/p>\n<p>Il est n\u00e9 \u00e0 Dublin en 1950 et a men\u00e9 une carri\u00e8re internationale r\u00e9ussie en tant que chef de projet, d\u00e9veloppeur et entrepreneur.<\/p>\n<p>Apr\u00e8s avoir co-fond\u00e9 l&#039;une des plus grandes soci\u00e9t\u00e9s mondiales de syst\u00e8mes, applications et produits (SAP) dans les ann\u00e9es 1990, il a quitt\u00e9 son entreprise pour consacrer ses \u00e9nergies et ses ressources \u00e0 des causes sociales, spirituelles et communautaires.<\/p>\n[\/et_pb_text][\/et_pb_column][\/et_pb_row][\/et_pb_section][et_pb_section fb_built=\u201d1\u2033 _builder_version=\u201d4.14.7\u2033 _module_preset=\u201dpar d\u00e9faut\u201d background_color=\u201d#f8f7f5\u2033 width=\u201d100%\u201d custom_padding=\u201d2vh||2vh||true|false\u201d global_colors_info=\u201d{}\u201d][et_pb_row column_structure=\u201d1_3,2_3\u2033 custom_padding_last_edited=\u201dsur|t\u00e9l\u00e9phone\u201d _builder_version=\u201d4.8.1\u2033 _module_preset=\u201dpar d\u00e9faut\u201d width=\u201d95vw\u201d max_width=\u201d2560px\u201d custom_padding=\u201d4vh|2vw|4vh|2vw|true|true\u201d custom_padding_tablet=\u201d4vh||4vh||true|false\u201d custom_padding_phone=\u201d0px|2vw|0px|2vw|true|true\u201d global_colors_info=\u201d{}\u201d][et_pb_column type=\u201d1_3\u2033 _builder_version=\u201d4.7.7\u2033 _module_preset=\u201ddefault\u201d global_colors_info=\u201d{}\u201d][et_pb_image src=\u201dhttps:\/\/lifeworks.global\/wp-content\/uploads\/2024\/10\/WhatsApp-Image-2024-09-27-at-11.53.05.jpeg\u201d alt=\u201dPaul Manweiler, fondateur et chef de la direction de Lifeworks Global\u201d title_text=\u201dMichael Makokha\u201d _builder_version=\u201d4.14.7\u2033 _module_preset=\u201dpar d\u00e9faut\u201d min_height_last_edited=\u201doff|desktop\u201d max_height=\u201d420px\u201d custom_padding=\u201d|||false|false\u201d custom_padding_tablet=\u201d||3vh||false|false\u201d custom_padding_phone=\u201d\u201d custom_padding_last_edited=\u201don|tablet\u201d hover_enabled=\u201d0\u2033 border_color_all=\u201d#7cda24\u2033 global_colors_info=\u201d{}\u201d sticky_enabled=\u201d0\u2033][\/et_pb_image][\/et_pb_column][et_pb_column type=\u201d2_3\u2033 _builder_version=\u201d4.6.2\u2033 _module_preset=\u201dpar d\u00e9faut\u201d global_colors_info=\u201d{}\u201d][et_pb_text _builder_version=\u201d4.14.7\u2033 _module_preset=\u201ddefault\u201d text_font_size=\u201d22px\u201d text_line_height=\u201d1.3em\u201d header_2_font_size=\u201d58px\u201d header_2_line_height=\u201d1.5em\u201d header_3_font_size=\u201d40px\u201d custom_margin_tablet=\u201d|0vw||0vw|false|true\u201d custom_margin_phone=\u201d|0vw||0vw|false|false\u201d custom_margin_last_edited=\u201dsur|bureau\u201d custom_padding_tablet=\u201d\u201d custom_padding_phone=\u201d\u201d custom_padding_last_edited=\u201dsur|t\u00e9l\u00e9phone\u201d text_font_size_tablet=\u201d\u201d text_font_size_phone=\u201d18px\u201d text_font_size_last_edited=\u201dsur|t\u00e9l\u00e9phone\u201d text_letter_spacing_tablet=\u201d\u201d text_letter_spacing_phone=\u201d\u201d text_letter_spacing_last_edited=\u201dsur|t\u00e9l\u00e9phone\u201d header_2_font_size_tablet=\u201d\u201d header_2_font_size_phone=\u201d30px\u201d header_2_font_size_last_edited=\u201dsur|t\u00e9l\u00e9phone\u201d global_colors_info=\u201d{}\u201d]\n<h2>Michael Makokha, directeur de la technologie<\/h2>\n<p>Michael est un \u00e9conomiste en planification agricole et environnementale et en gestion des ressources naturelles, avec plus de 30 ans d&#039;exp\u00e9rience. Il a travaill\u00e9 sur un large \u00e9ventail de projets et de programmes agricoles couvrant la fertilit\u00e9 des sols, les pratiques agricoles, la foresterie et l&#039;\u00e9levage. Ses recherches doctorales, \u00e0 l&#039;Universit\u00e9 Kenyatta, portaient sur l&#039;impact sur la s\u00e9questration du carbone dans le sol des pratiques agricoles des petits exploitants dans les hauts plateaux du centre du Kenya. Il est un expert en d\u00e9veloppement de cha\u00eenes de valeur agroalimentaires, en mod\u00e9lisation des impacts du changement climatique sur l&#039;agriculture et en dynamique du carbone dans les \u00e9cosyst\u00e8mes naturels et g\u00e9r\u00e9s. Il a travaill\u00e9 sur de nombreux programmes pour le gouvernement kenyan, ainsi que sur des projets financ\u00e9s par des donateurs internationaux et non gouvernementaux. Il est titulaire d&#039;une ma\u00eetrise en \u00e9conomie de la gestion des ressources agricoles et d&#039;un B.Sc. en marketing agricole.<\/p>\n[\/et_pb_text][\/et_pb_column][\/et_pb_row][\/et_pb_section][et_pb_section fb_built=\u201d1\u2033 _builder_version=\u201d4.14.7\u2033 _module_preset=\u201dpar d\u00e9faut\u201d background_color=\u201d#FFFFFF\u201d width=\u201d100%\u201d custom_padding=\u201d2vh||2vh||true|false\u201d global_colors_info=\u201d{}\u201d][et_pb_row column_structure=\u201d1_3,2_3\u2033 custom_padding_last_edited=\u201dsur|t\u00e9l\u00e9phone\u201d _builder_version=\u201d4.8.1\u2033 _module_preset=\u201dpar d\u00e9faut\u201d width=\u201d95vw\u201d max_width=\u201d2560px\u201d custom_padding=\u201d4vh|2vw|4vh|2vw|true|true\u201d custom_padding_tablet=\u201d4vh||4vh||true|false\u201d custom_padding_phone=\u201d0px|2vw|0px|2vw|true|true\u201d global_colors_info=\u201d{}\u201d][et_pb_column type=\u201d1_3\u2033 _builder_version=\u201d4.7.7\u2033 _module_preset=\u201ddefault\u201d global_colors_info=\u201d{}\u201d][et_pb_image src=\u201dhttps:\/\/lifeworks.global\/wp-content\/uploads\/2022\/03\/nandi2.jpeg\u201d alt=\u201dPaul Manweiler, fondateur et PDG de Lifeworks Global\u201d title_text=\u201dnandi2\u2033 force_fullwidth=\u201don\u201d _builder_version=\u201d4.14.7\u2033 _module_preset=\u201dpar d\u00e9faut\u201d min_height_last_edited=\u201doff|bureau\u201d custom_padding=\u201d|||false|false\u201d custom_padding_tablet=\u201d||3vh||false|false\u201d custom_padding_phone=\u201d\u201d custom_padding_last_edited=\u201don|tablette\u201d border_color_all=\u201d#7cda24\u2033 global_colors_info=\u201d{}\u201d][\/et_pb_image][\/et_pb_column][et_pb_column type=\u201d2_3\u2033 _builder_version=\u201d4.6.2\u2033 _module_preset=\u201dpar d\u00e9faut\u201d global_colors_info=\u201d{}\u201d][et_pb_text _builder_version=\u201d4.14.7\u2033 _module_preset=\u201dpar d\u00e9faut\u201d text_font_size=\u201d22px\u201d text_line_height=\u201d1.3em\u201d header_2_font_size=\u201d58px\u201d header_2_line_height=\u201d1.5em\u201d header_3_font_size=\u201d40px\u201d custom_margin_tablet=\u201d|0vw||0vw|false|true\u201d custom_margin_phone=\u201d|0vw||0vw|false|false\u201d custom_margin_last_edited=\u201dsur|t\u00e9l\u00e9phone\u201d custom_padding_tablet=\u201d\u201d custom_padding_phone=\u201d\u201d custom_padding_last_edited=\u201dsur|t\u00e9l\u00e9phone\u201d text_font_size_tablet=\u201d\u201d text_font_size_phone=\u201d18px\u201d text_font_size_last_edited=\u201dsur|t\u00e9l\u00e9phone\u201d text_letter_spacing_tablet=\u201d\u201d text_letter_spacing_phone=\u201d\u201d text_letter_spacing_last_edited=\u201dsur|t\u00e9l\u00e9phone\u201d header_2_font_size_tablet=\u201d\u201d header_2_font_size_phone=\u201d30px\u201d header_2_font_size_last_edited=\u201dsur|t\u00e9l\u00e9phone\u201d global_colors_info=\u201d{}\u201d]\n<h2>Nandi Mkhize, charg\u00e9e de projets<\/h2>\n<p><span style=\"font-weight: 400;\">Nandi Mkhize a rejoint Lifeworks Global en tant que responsable de projets. Elle a une exp\u00e9rience en mati\u00e8re d&#039;initiatives environnementales\u00a0: elle a travaill\u00e9 comme chercheuse et charg\u00e9e de projet chez ClientEarth, un organisme de bienfaisance qui milite en faveur de lois et de politiques environnementales strictes\u00a0; avant cela, elle a travaill\u00e9 dans l&#039;industrie et le secteur du d\u00e9veloppement urbain sur la mise en \u0153uvre de pratiques durables. <\/span><\/p>\n<p><span style=\"font-weight: 400;\">Nandi est titulaire d&#039;une ma\u00eetrise en politique et r\u00e9glementation environnementales de la London School of Economics and Political Science. Nandi s&#039;engage avec passion dans la promotion de pratiques agricoles durables qui profitent aux communaut\u00e9s locales touch\u00e9es par le changement climatique. Elle est actuellement bas\u00e9e au Ghana.<\/span>[\/et_pb_text][\/et_pb_column][\/et_pb_row][\/et_pb_section][et_pb_section fb_built=\u201d1\u2033 _builder_version=\u201d4.14.7\u2033 _module_preset=\u201ddefault\u201d background_color=\u201d#f8f7f5\u2033 global_colors_info=\u201d{}\u201d][et_pb_row column_structure =\u201d1_3,2_3\u2033 custom_padding_last_edited=\u201don|phone\u201d _builder_version=\u201d4.14.7\u2033 _module_preset=\u201ddefault\u201d width=\u201d95vw\u201d max_width=\u201d2560px\u201d custom_padding=\u201d4vh|2vw|4vh|2vw|true|true\u201d custom_padding_tablet=\u201d4vh||4vh||true|false\u201d custom_padding_phone=\u201d0px|2vw|0px|2vw|true|true\u201d global_colors_info=\u201d{}\u201d][et_pb_column type=\u201d1_3\u2033 _builder_version=\u201d4.7.7\u2033 _module_preset =\u201ddefault\u201d global_colors_info=\u201d{}\u201d][et_pb_image src=\u201dhttps:\/\/lifeworks.global\/wp-content\/uploads\/2022\/03\/echessa_2.jpeg\u201d alt=\u201dPaul Manweiler, fondateur et PDG de Lifeworks Global \u201d title_text=\u201dechessa_2\u2033 force_fullwidth=\u201don\u201d _builder_version=\u201d4.14.7\u2033 _module_preset=\u201ddefault\u201d min_height_last_edited=\u201doff|desktop\u201d custom_padding=\u201d||2px||false|false\u201d custom_padding_tablet=\u201d||3vh|| false|false\u201d custom_padding_phone=\u201d\u201d custom_padding_last_edited=\u201dsur|tablette\u201d border_color_all=\u201d#7cda24\u2033 global_colors_info=\u201d{}\u201d][\/et_pb_image][\/et_pb_column][et_pb_column type=\u201d2_3\u2033 _builder_version=\u201d4.6.2\u2033 _module_preset =\u201ddefault\u201d global_colors_info=\u201d{}\u201d][et_pb_text _builder_version=\u201d4.14.7\u2033 _module_preset=\u201ddefault\u201d text_font_size=\u201d22px\u201d text_line_height=\u201d1.3em\u201d header_2_font_size=\u201d58px\u201d header_2_line_height=\u201d1.5em\u201d header_3_font_size=\u201d 40px&quot; custom_margin_tablet=&quot;|0vw||0vw|false|true\u201d custom_margin_phone=\u201d|0vw||0vw|false|false\u201d custom_margin_last_edited=\u201dsur|t\u00e9l\u00e9phone\u201d custom_padding_tablet=\u201d\u201d custom_padding_phone=\u201d\u201d custom_padding_last_edited=\u201dsur|t\u00e9l\u00e9phone\u201d text_font_size_tablet=\u201d\u201d text_font_size_phone=\u201d18px\u201d text_font_size_last_edited=\u201dsur|t\u00e9l\u00e9phone\u201d text_letter_spacing_tablet=\u201d\u201d text_letter_spacing_phone=\u201d\u201d text_letter_spacing_last_edited=\u201dsur|t\u00e9l\u00e9phone\u201d header_2_font_size_tablet=\u201d\u201d header_2_font_size_phone=\u201d30px\u201d font_size_last_edited=\u201dsur|t\u00e9l\u00e9phone\u201d global_colors_info=\u201d {}&quot;]\n<h2>George Mwima, formateur<\/h2>\n<p><span style=\"font-weight: 400;\">George Mwima est professeur d&#039;universit\u00e9 et chef de projet pour le service de d\u00e9veloppement anglican de la province de Kakamega, dans l&#039;ouest du Kenya. Au cours des 12 derni\u00e8res ann\u00e9es, il a travaill\u00e9 dans le d\u00e9veloppement communautaire, particuli\u00e8rement sur des programmes ax\u00e9s sur l&#039;agriculture, la s\u00e9curit\u00e9 alimentaire et la durabilit\u00e9 environnementale. <\/span><\/p>\n<p><span style=\"font-weight: 400;\">En 2019, George a \u00e9t\u00e9 form\u00e9 par Lifeworks. Il a ensuite test\u00e9 l&#039;utilisation d&#039;intrants microbiens sur sa propre ferme et, apr\u00e8s avoir vu les r\u00e9sultats, il a commenc\u00e9 \u00e0 former cinq groupes d&#039;agriculteurs, faisant partie d&#039;un groupe de r\u00e9habilitation des sols et de gestion de la fertilit\u00e9 qu&#039;il soutient.<\/span><\/p>\n[\/et_pb_text][\/et_pb_column][\/et_pb_row][\/et_pb_section][et_pb_section fb_built=\u201d1\u2033 _builder_version=\u201d4.14.7\u2033 _module_preset=\u201ddefault\u201d background_color=\u201d#f8f7f5\u2033 global_colors_info=\u201d{}\u201d][et_pb_row column_structure =\u201d1_3,2_3\u2033 custom_padding_last_edited=\u201don|phone\u201d _builder_version=\u201d4.14.7\u2033 _module_preset=\u201ddefault\u201d width=\u201d95vw\u201d max_width=\u201d2560px\u201d custom_padding=\u201d4vh|2vw|4vh|2vw|true|true\u201d custom_padding_tablet=\u201d4vh||4vh||true|false\u201d custom_padding_phone=\u201d0px|2vw|0px|2vw|true|true\u201d global_colors_info=\u201d{}\u201d][et_pb_column type=\u201d1_3\u2033 _builder_version=\u201d4.7.7\u2033 _module_preset =\u201ddefault\u201d global_colors_info=\u201d{}\u201d][et_pb_image src=\u201dhttps:\/\/lifeworks.global\/wp-content\/uploads\/2023\/06\/Parfait-lifeworks-2-150\u00d7150.jpg\u201d alt=\u201dPaul Manweiler, fondateur et PDG de Lifeworks Global\u201d title_text=\u201dParfait lifeworks 2\u2033 force_fullwidth=\u201don\u201d _builder_version=\u201d4.14.7\u2033 _module_preset=\u201ddefault\u201d min_height_last_edited=\u201doff|desktop\u201d custom_padding=\u201d||2px||false| false\u201d custom_padding_tablet=\u201d||3vh||false|false\u201d custom_padding_phone=\u201d\u201d custom_padding_last_edited=\u201don|tablet\u201d border_color_all=\u201d#7cda24\u2033 global_colors_info=\u201d{}\u201d][\/et_pb_image][\/et_pb_column][et_pb_column type=\u201d 2_3\u2033 _builder_version=\u201d4.6.2\u2033 _module_preset=\u201ddefault\u201d global_colors_info=\u201d{}\u201d][et_pb_text _builder_version=\u201d4.14.7\u2033 _module_preset=\u201ddefault\u201d text_font_size=\u201d22px\u201d text_line_height=\u201d1.3em\u201d header_2_font_size=\u201d58px &quot; header_2_line_height = &quot;1.5em&quot; header_3_font_size = &quot;40px&quot; custom_margin_tablet = &quot;|0vw||0vw|false|true&quot; custom_margin_phone =&quot;|0vw||0vw|false|false&quot; custom_margin_last_edited=&quot;on|phone&quot; custom_padding_tablet=&quot;&quot; custom_padding_phone =\u201d\u201d custom_padding_last_edited=\u201dsur|phone\u201d text_font_size_tablet=\u201d\u201d text_font_size_phone=\u201d18px\u201d text_font_size_last_edited=\u201dsur|phone\u201d text_letter_spacing_tablet=\u201d\u201d text_letter_spacing_phone=\u201d\u201d text_letter_spacing_last_edited=\u201dsur|phone\u201d header_2_font_size_tablet=\u201d\u201d _2_font_size_phone=\u201d30px\u201d header_2_font_size_last_edit=\u201dsur|t\u00e9l\u00e9phone\u201d global_colors_info=\u201d{}\u201d]\n<h2>Parfait Ganhoun, Formateur<\/h2>\n<p>Parfait Ganhoun travaille depuis plusieurs ann\u00e9es comme consultant et formateur en agriculture biologique et en fertilit\u00e9 des sols. En 2020, il a particip\u00e9 \u00e0 une formation Lifeworks Global au B\u00e9nin sous les auspices de l&#039;IITA, l&#039;Institut International d&#039;Agriculture Tropicale. L&#039;ann\u00e9e suivante, il commence \u00e0 donner des formations sur la production et l&#039;application des technologies microbiennes de LWG pour Lifeworks Global en Afrique de l&#039;Ouest francophone.<span style=\"font-weight: 400;\"><\/span><\/p>\n[\/et_pb_text][\/et_pb_column][\/et_pb_row][\/et_pb_section]","protected":false},"excerpt":{"rendered":"<p>Lifeworks Global, initialement connue sous le nom de Lifeworks Foundation, a \u00e9t\u00e9 cr\u00e9\u00e9e pour rechercher et promouvoir des solutions efficaces aux probl\u00e8mes environnementaux et sociaux urgents. Paul Manweiler a fond\u00e9 l&#039;organisation en 2008 et il en est l&#039;unique bailleur de fonds depuis sa cr\u00e9ation. Cependant, pour r\u00e9aliser pleinement sa vision et apporter un changement positif \u00e0 l\u2019\u00e9chelle mondiale, l\u2019organisation est d\u00e9sormais [\u2026]<\/p>","protected":false},"author":1,"featured_media":0,"parent":0,"menu_order":0,"comment_status":"closed","ping_status":"open","template":"","meta":{"_et_pb_use_builder":"on","_et_pb_old_content":"<h2><strong>Building On Our History<\/strong><\/h2><p>Lifeworks Global, originally known as Lifeworks Foundation, was created to research and promote effective solutions to pressing environmental and social issues that impact us on a global scale. Paul Manweiler founded the organisation in 2008, and he has been its sole funder since inception. He is passionate about making life better for all people, now and through the future. To fully realise its vision and affect positive change on a global scale, the organisation is now seeking additional funding sources to expand its reach and service.<\/p><p><img class=\"alignnone size-full wp-image-232\" src=\"https:\/\/lifeworks.global\/wp-content\/uploads\/2019\/11\/Values_Image_1195X406_Full_Colour_2.jpg\" alt=\"Values_Image_1195X406_Full_Colour_2\" width=\"1195\" height=\"406\" \/><\/p><div class=\"h-divider\"><div class=\"shadow\">\u00a0<\/div><\/div>","_et_gb_content_width":"","footnotes":""},"class_list":["post-231","page","type-page","status-publish","hentry"],"aioseo_notices":[],"_links":{"self":[{"href":"https:\/\/lifeworks.global\/fr\/wp-json\/wp\/v2\/pages\/231","targetHints":{"allow":["GET"]}}],"collection":[{"href":"https:\/\/lifeworks.global\/fr\/wp-json\/wp\/v2\/pages"}],"about":[{"href":"https:\/\/lifeworks.global\/fr\/wp-json\/wp\/v2\/types\/page"}],"author":[{"embeddable":true,"href":"https:\/\/lifeworks.global\/fr\/wp-json\/wp\/v2\/users\/1"}],"replies":[{"embeddable":true,"href":"https:\/\/lifeworks.global\/fr\/wp-json\/wp\/v2\/comments?post=231"}],"version-history":[{"count":17,"href":"https:\/\/lifeworks.global\/fr\/wp-json\/wp\/v2\/pages\/231\/revisions"}],"predecessor-version":[{"id":5873,"href":"https:\/\/lifeworks.global\/fr\/wp-json\/wp\/v2\/pages\/231\/revisions\/5873"}],"wp:attachment":[{"href":"https:\/\/lifeworks.global\/fr\/wp-json\/wp\/v2\/media?parent=231"}],"curies":[{"name":"wp","href":"https:\/\/api.w.org\/{rel}","templated":true}]}}