{"id":221,"date":"2019-11-04T21:11:08","date_gmt":"2019-11-04T21:11:08","guid":{"rendered":"https:\/\/lifeworks.global\/?page_id=221"},"modified":"2020-06-03T17:02:28","modified_gmt":"2020-06-03T17:02:28","slug":"meeting-the-need","status":"publish","type":"page","link":"https:\/\/lifeworks.global\/fr\/meeting-the-need\/","title":{"rendered":"R\u00c9PONDRE AU BESOIN"},"content":{"rendered":"<h2><strong>La solution\u00a0: une approche \u00e0 plusieurs niveaux<\/strong><\/h2>\n<p>Il est d\u00e9sormais possible de redonner de la sant\u00e9 aux sols de mani\u00e8re naturelle et \u00e0 l\u2019\u00e9chelle mondiale. Lifeworks Global travaille avec des partenaires locaux pour fournir des investissements, des formations et 21<sup>St<\/sup> Technologie centenaire bas\u00e9e sur la technologie microbienne pour les communaut\u00e9s dans le besoin.<\/p>\n<p>Nous proposons une double approche :<\/p>\n<ul>\n<li>formations et un mod\u00e8le de diffusion<\/li>\n<li>une nouvelle application num\u00e9rique, FARM GENIE, pour les agriculteurs et tous les niveaux de r\u00e9alisation de projets<\/li>\n<\/ul>\n<p>Nous fournissons des connaissances commerciales, des partenariats \u00e0 long terme et un soutien aux programmes de contr\u00f4le qualit\u00e9 pour r\u00e9g\u00e9n\u00e9rer les \u00e9conomies locales.<\/p>\n<p><strong>Avantages cl\u00e9s:<\/strong><\/p>\n<ul>\n<li>Le sol est continuellement ramen\u00e9 \u00e0 un \u00e9tat de sant\u00e9 critique.<\/li>\n<li>Les produits sont cr\u00e9\u00e9s puis fournis \u00e0 un co\u00fbt n\u00e9gligeable.<\/li>\n<li>Le rendement des cultures est consid\u00e9rablement augment\u00e9 en quantit\u00e9 et en qualit\u00e9.<\/li>\n<li>Les co\u00fbts de formation et de production future restent faibles.<\/li>\n<li>Un mod\u00e8le commercial est g\u00e9n\u00e9r\u00e9 qui renforce, responsabilise et d\u00e9veloppe chaque communaut\u00e9 qui l&#039;utilise sans cr\u00e9er de d\u00e9pendance \u00e0 l&#039;\u00e9gard de l&#039;aide \u00e9trang\u00e8re.<\/li>\n<\/ul>\n<p>Lifeworks Global propose des solutions \u00e9prouv\u00e9es avec une port\u00e9e mondiale. Voici des exemples de pays dans lesquels nous op\u00e9rons actuellement.<\/p>\n<p>Par l&#039;interm\u00e9diaire de notre organisation partenaire, SCAD (Social Change and Development), nous d\u00e9ployons actuellement un programme \u00ab Greening the Land \u00bb, menant des essais agricoles dans 500 villages du sud de l&#039;Inde.<\/p>\n<h2>Science, sol et eau<\/h2>\n<p>Chaque jour, les organisations internationales publient des documents et des articles sur les avantages et les d\u00e9veloppements dans le domaine de la science microbienne et des sols.<\/p>\n<p>L&#039;un des plus puissants de ces derniers temps est celui de&nbsp;<strong>Scientific America, validant l\u2019importance et les avantages consid\u00e9rables des microbes dans les sols.<\/strong><\/p>\n<p>Lifeworks travaille avec une gamme de concepts \u00e9prouv\u00e9s en agriculture, faciles \u00e0 ma\u00eetriser et fournissant des r\u00e9sultats rapides et durables. Celles-ci vont de la rotation des cultures \u00e0 la science du sol en passant par les bonnes pratiques biologiques, la plus int\u00e9ressante d&#039;entre elles \u00e9tant la science microbienne.<\/p>\n<p>Lifeworks Global finance l&#039;introduction initiale de ces techniques avec la volont\u00e9 de transmettre le savoir-faire pour responsabiliser les communaut\u00e9s et les agriculteurs. Pour ce faire, nous proposons des formations sur mesure, encourageons les communaut\u00e9s en ligne pour continuer \u00e0 partager leurs connaissances et transmettons des r\u00e9f\u00e9rences \u00e0 des sources scientifiques pour aider les agriculteurs \u00e0 approfondir leurs connaissances.<\/p>\n<p>La phase initiale de mise en \u0153uvre comprend deux ateliers de quatre jours anim\u00e9s par nos sp\u00e9cialistes. Avant les ateliers, nous \u00e9coutons les besoins de la communaut\u00e9 et d\u00e9couvrons leurs exigences uniques en mati\u00e8re de sols et de cultures. Nous sommes alors pr\u00eats \u00e0 proposer une formation personnalis\u00e9e, qui comprend dans la plupart des cas\u00a0:<\/p>\n<ul>\n<li>Fournir les bases d\u2019une agriculture durable.<\/li>\n<li>Partager les connaissances de base sur les produits.<\/li>\n<li>Enseigner les meilleures pratiques pour l\u2019application de l\u2019engrais et du compost.<\/li>\n<li>R\u00e9alisation des premiers essais et tests sur le terrain.<\/li>\n<\/ul>\n<p>Le compostage et la fertilisation des sols utilisent des mat\u00e9riaux indig\u00e8nes locaux plut\u00f4t que de recourir \u00e0 des produits chimiques co\u00fbteux. Les agriculteurs qui les int\u00e8grent dans le cycle agricole constatent rapidement les avantages de cultures plus saines et plus productives, conduisant \u00e0 une plus grande s\u00e9curit\u00e9 alimentaire et \u00e0 une plus grande richesse pour leurs familles.<\/p>\n<div id=\"attachment_516\" style=\"width: 288px\" class=\"wp-caption alignright\"><a href=\"https:\/\/www.unhcr.org\/publications\/operations\/49d089a62\/large-ferro-cement-water-tank-design-parameters-construction-details.html\" target=\"_blank\" rel=\"noopener noreferrer\"><img loading=\"lazy\" decoding=\"async\" aria-describedby=\"caption-attachment-516\" class=\"wp-image-516 size-full\" src=\"https:\/\/lifeworks.global\/wp-content\/uploads\/2020\/01\/ferro-cement-tank.jpg\" alt=\"Ferro-cement water tank\" width=\"278\" height=\"181\"><\/a><p id=\"caption-attachment-516\" class=\"wp-caption-text\">Grands r\u00e9servoirs d&#039;eau pour r\u00e9colter et stocker l&#039;eau<\/p><\/div>\n<p>Apr\u00e8s les ateliers, nous restons en communication \u00e9troite avec les dirigeants communautaires pour discuter des r\u00e9sultats, partager nos connaissances et r\u00e9pondre aux questions. Cette p\u00e9riode dure g\u00e9n\u00e9ralement deux \u00e0 trois mois et permet de renforcer la confiance des agriculteurs et des agronomes.<\/p>\n<p>Nous utilisons un mod\u00e8le de formation des formateurs qui d\u00e9veloppe une ind\u00e9pendance \u00e0 long terme et des avantages durables pour les communaut\u00e9s locales.<\/p>\n<p>Ces communaut\u00e9s sont confront\u00e9es \u00e0 de nombreux d\u00e9fis. Nous travaillons en partenariat avec les gouvernements, les principales agences et les partenaires locaux \u00e9tablis pour aider les communaut\u00e9s \u00e0 r\u00e9soudre ces probl\u00e8mes.<\/p>\n<div id=\"attachment_536\" style=\"width: 222px\" class=\"wp-caption alignleft\"><a href=\"https:\/\/lifeworks.global\/wp-content\/uploads\/2020\/01\/YD.FertiliserIllustrations2.pdf\" target=\"_blank\" rel=\"noopener noreferrer\"><img loading=\"lazy\" decoding=\"async\" aria-describedby=\"caption-attachment-536\" class=\"wp-image-536 size-medium\" src=\"https:\/\/lifeworks.global\/wp-content\/uploads\/2020\/01\/YD.FertiliserIllustrations2-212x300.jpg\" alt=\"Compost preparation\" width=\"212\" height=\"300\" srcset=\"https:\/\/lifeworks.global\/wp-content\/uploads\/2020\/01\/YD.FertiliserIllustrations2-212x300.jpg 212w, https:\/\/lifeworks.global\/wp-content\/uploads\/2020\/01\/YD.FertiliserIllustrations2-768x1087.jpg 768w, https:\/\/lifeworks.global\/wp-content\/uploads\/2020\/01\/YD.FertiliserIllustrations2-724x1024.jpg 724w, https:\/\/lifeworks.global\/wp-content\/uploads\/2020\/01\/YD.FertiliserIllustrations2.jpg 1652w\" sizes=\"auto, (max-width: 212px) 100vw, 212px\" \/><\/a><p id=\"caption-attachment-536\" class=\"wp-caption-text\">Exemple de notre litt\u00e9rature pour la pr\u00e9paration du compost<\/p><\/div>\n<div id=\"attachment_538\" style=\"width: 222px\" class=\"wp-caption alignright\"><a href=\"https:\/\/lifeworks.global\/wp-content\/uploads\/2020\/01\/YD.LactobacillusIllustrations2.pdf\" target=\"_blank\" rel=\"noopener noreferrer\"><img loading=\"lazy\" decoding=\"async\" aria-describedby=\"caption-attachment-538\" class=\"wp-image-538 size-medium\" src=\"https:\/\/lifeworks.global\/wp-content\/uploads\/2020\/01\/YD.LactobacillusIllustrations2-212x300.jpg\" alt=\"\" width=\"212\" height=\"300\" srcset=\"https:\/\/lifeworks.global\/wp-content\/uploads\/2020\/01\/YD.LactobacillusIllustrations2-212x300.jpg 212w, https:\/\/lifeworks.global\/wp-content\/uploads\/2020\/01\/YD.LactobacillusIllustrations2-768x1087.jpg 768w, https:\/\/lifeworks.global\/wp-content\/uploads\/2020\/01\/YD.LactobacillusIllustrations2-724x1024.jpg 724w, https:\/\/lifeworks.global\/wp-content\/uploads\/2020\/01\/YD.LactobacillusIllustrations2.jpg 1652w\" sizes=\"auto, (max-width: 212px) 100vw, 212px\" \/><\/a><p id=\"caption-attachment-538\" class=\"wp-caption-text\">Exemple de notre litt\u00e9rature pour les engrais liquides<\/p><\/div>\n<p>Des \u00e9chantillons de notre documentation sur l&#039;am\u00e9lioration des sols pour <a href=\"https:\/\/lifeworks.global\/wp-content\/uploads\/2020\/01\/YD.FertiliserIllustrations2.pdf\" target=\"_blank\" rel=\"noopener noreferrer\">production d&#039;engrais de compost<\/a> et <a href=\"https:\/\/lifeworks.global\/wp-content\/uploads\/2020\/01\/YD.LactobacillusIllustrations2.pdf\" target=\"_blank\" rel=\"noopener noreferrer\">pr\u00e9parations liquides de lactobacilles<\/a>.<\/p>\n<p style=\"text-align: center;\"><div class=\"su-column su-column-size-3-4\"><div class=\"su-column-inner su-u-clearfix su-u-trim\">\n<\/div><\/div>\n<p>L\u2019acc\u00e8s \u00e0 l\u2019eau potable est un enjeu crucial auquel nos partenaires locaux sp\u00e9cialis\u00e9s contribuent \u00e0 r\u00e9pondre.<\/p>\n<p>Nous travaillons avec des agences pour fournir des solutions pour l&#039;eau potable et pour la r\u00e9cup\u00e9ration de l&#039;eau, notamment Grifaid pour les filtres \u00e0 eau. Avec nos partenaires, nous proposons des formations pour construire <a href=\"https:\/\/www.unhcr.org\/publications\/operations\/49d089a62\/large-ferro-cement-water-tank-design-parameters-construction-details.html\" target=\"_blank\" rel=\"noopener noreferrer\">r\u00e9servoirs d&#039;eau \u00e0 faible co\u00fbt et durables<\/a> qui r\u00e9cup\u00e8rent l\u2019eau de pluie pour la consommation et l\u2019agriculture.<\/p>\n<p>Nous travaillons en partenariat avec des agences telles que <a href=\"https:\/\/lifeinabundance.org\" target=\"_blank\" rel=\"noopener noreferrer\">La vie en abondance<\/a> qui ont une longue exp\u00e9rience en mati\u00e8re de contribution \u00e0 la construction de communaut\u00e9s solides et durables.<\/p>\n<div class=\"h-divider\">\n<div class=\"shadow\"><\/div>\n<\/div>\n<section>\n<h2><strong>Attentes : apr\u00e8s une saison<\/strong><\/h2>\n<div class=\"su-column su-column-size-1-4 featurebox-1\"><div class=\"su-column-inner su-u-clearfix su-u-trim\">\n<h2>Augmentation du rendement des cultures<\/h2>\n<p>Sur la base des r\u00e9sultats de projets mondiaux, les agriculteurs peuvent s\u2019attendre initialement \u00e0 une augmentation de 20 \u00e0 301 TP3T du rendement des cultures. Au fil du temps, cela augmente jusqu&#039;\u00e0 50%.<br \/>\n<\/div><\/div>\n<div class=\"su-column su-column-size-1-4 featurebox-2\"><div class=\"su-column-inner su-u-clearfix su-u-trim\">\n<h2>La sant\u00e9 des animaux<\/h2>\n<p>Les agriculteurs peuvent s\u2019attendre \u00e0 une am\u00e9lioration significative de la sant\u00e9 animale, \u00e0 une r\u00e9duction de la mortalit\u00e9 et \u00e0 un prix plus \u00e9lev\u00e9 pour leurs animaux en meilleure sant\u00e9 ainsi qu\u2019\u00e0 une r\u00e9duction des co\u00fbts v\u00e9t\u00e9rinaires. <\/div><\/div>\n<div class=\"su-column su-column-size-1-4 featurebox-2\"><div class=\"su-column-inner su-u-clearfix su-u-trim\">\n<h2>Renforcer la communaut\u00e9<\/h2>\n<p>La communaut\u00e9 conna\u00eetra des am\u00e9liorations gr\u00e2ce \u00e0 une plus grande richesse, des opportunit\u00e9s de commerce et d\u2019emploi et une meilleure sant\u00e9.<br \/>\n<\/div><\/div>\n<div class=\"su-column su-column-size-1-4 featurebox-2\"><div class=\"su-column-inner su-u-clearfix su-u-trim\">\n<h2>Augmentation du revenu<\/h2>\n<p>Avec une augmentation minimale de 50% de la germination des graines, une r\u00e9duction significative de l&#039;utilisation d&#039;engrais et des produits agricoles de qualit\u00e9 sup\u00e9rieure \u00e0 des prix plus \u00e9lev\u00e9s sur le march\u00e9, les agriculteurs verront leurs revenus s&#039;am\u00e9liorer consid\u00e9rablement.<br \/>\n<\/div><\/div>\n<\/section>\n<section>\n<h2><strong>Mise \u00e0 l&#039;\u00e9chelle<\/strong><\/h2>\n<p>Lorsqu&#039;une communaut\u00e9 est pr\u00eate, Lifeworks Global retourne dans le village pour aider \u00e0 d\u00e9velopper les succ\u00e8s agricoles. Nous travaillons aux c\u00f4t\u00e9s des agriculteurs et des agences partenaires pour trouver et financer l&#039;achat d&#039;engrais et de produits de compostage \u00e0 un tarif fixe et abordable.<\/p>\n<p>Tout en traitant de ces probl\u00e8mes et de tout autre probl\u00e8me pouvant survenir au cours du processus de mise \u00e0 l&#039;\u00e9chelle, nous nous effor\u00e7ons d&#039;aider la communaut\u00e9 \u00e0 \u00eatre autonome, ce qui signifie qu&#039;elle ne d\u00e9pend pas de nous pour sa croissance et son succ\u00e8s futurs.<\/p>\n<\/section>\n<div class=\"h-divider\">\n<div class=\"shadow\"><\/div>\n<\/div>\n<section>\n<h2><strong>Avantages secondaires<\/strong><\/h2>\n<div class=\"su-column su-column-size-1-4 featurebox-1\"><div class=\"su-column-inner su-u-clearfix su-u-trim\">\n<h2>Exc\u00e8s de carbone absorb\u00e9 de l\u2019atmosph\u00e8re<\/h2>\n<p><img loading=\"lazy\" decoding=\"async\" class=\"alignnone size-full wp-image-312\" src=\"https:\/\/lifeworks.global\/wp-content\/uploads\/2019\/11\/SB_1A.jpg\" alt=\"SB_1A\" width=\"200\" height=\"121\"><br \/>\n<\/div><\/div>\n<div class=\"su-column su-column-size-1-4 featurebox-1\"><div class=\"su-column-inner su-u-clearfix su-u-trim\">\n<h2>Cycles des nutriments environnementaux am\u00e9lior\u00e9s<\/h2>\n<p><img loading=\"lazy\" decoding=\"async\" class=\"alignnone size-full wp-image-313\" src=\"https:\/\/lifeworks.global\/wp-content\/uploads\/2019\/11\/SB_1B.jpg\" alt=\"SB_1B\" width=\"200\" height=\"121\"><br \/>\n<\/div><\/div>\n<div class=\"su-column su-column-size-1-4 featurebox-1\"><div class=\"su-column-inner su-u-clearfix su-u-trim\">\n<h2>Les communaut\u00e9s voisines sont vertes<\/h2>\n<\/div><\/div>\n<div class=\"su-column su-column-size-1-4 featurebox-1\"><div class=\"su-column-inner su-u-clearfix su-u-trim\">\n<h2>Les communaut\u00e9s deviennent autonomes<\/h2>\n<p><img loading=\"lazy\" decoding=\"async\" class=\"alignnone size-full wp-image-314\" src=\"https:\/\/lifeworks.global\/wp-content\/uploads\/2019\/11\/SB_1D.jpg\" alt=\"SB_1D\" width=\"200\" height=\"121\"><br \/>\n<\/div><\/div>\n<\/section>","protected":false},"excerpt":{"rendered":"<p>La solution\u00a0: une approche \u00e0 plusieurs niveaux. Il est d\u00e9sormais possible de restaurer la sant\u00e9 des sols de mani\u00e8re naturelle et \u00e0 l\u2019\u00e9chelle mondiale. Lifeworks Global travaille avec des partenaires locaux pour fournir des investissements, des formations et des technologies du XXIe si\u00e8cle bas\u00e9es sur la technologie microbienne aux communaut\u00e9s dans le besoin. Nous proposons une approche double\u00a0: des formations et [\u2026]<\/p>","protected":false},"author":1,"featured_media":0,"parent":0,"menu_order":0,"comment_status":"closed","ping_status":"open","template":"page-templates\/full-width.php","meta":{"_et_pb_use_builder":"","_et_pb_old_content":"","_et_gb_content_width":"","footnotes":""},"class_list":["post-221","page","type-page","status-publish","hentry"],"aioseo_notices":[],"_links":{"self":[{"href":"https:\/\/lifeworks.global\/fr\/wp-json\/wp\/v2\/pages\/221","targetHints":{"allow":["GET"]}}],"collection":[{"href":"https:\/\/lifeworks.global\/fr\/wp-json\/wp\/v2\/pages"}],"about":[{"href":"https:\/\/lifeworks.global\/fr\/wp-json\/wp\/v2\/types\/page"}],"author":[{"embeddable":true,"href":"https:\/\/lifeworks.global\/fr\/wp-json\/wp\/v2\/users\/1"}],"replies":[{"embeddable":true,"href":"https:\/\/lifeworks.global\/fr\/wp-json\/wp\/v2\/comments?post=221"}],"version-history":[{"count":0,"href":"https:\/\/lifeworks.global\/fr\/wp-json\/wp\/v2\/pages\/221\/revisions"}],"wp:attachment":[{"href":"https:\/\/lifeworks.global\/fr\/wp-json\/wp\/v2\/media?parent=221"}],"curies":[{"name":"wp","href":"https:\/\/api.w.org\/{rel}","templated":true}]}}