{"id":217,"date":"2019-11-04T21:08:43","date_gmt":"2019-11-04T21:08:43","guid":{"rendered":"https:\/\/lifeworks.global\/?page_id=217"},"modified":"2023-04-04T13:29:12","modified_gmt":"2023-04-04T13:29:12","slug":"the-need","status":"publish","type":"page","link":"https:\/\/lifeworks.global\/fr\/the-need\/","title":{"rendered":"Le d\u00e9fi"},"content":{"rendered":"[et_pb_section fb_built=\u201d1\u2033 fullwidth=\u201don\u201d _builder_version=\u201d4.7.7\u2033 _module_preset=\u201ddefault\u201d global_colors_info=\u201d{}\u201d][et_pb_fullwidth_header title=\u201d@ET-DC@eyJkeW5hbWljIjp0cnVlLCJjb250ZW50IjoicG9zdF9 0aXRsZSIsInNldHRpbmdzIjp7ImJlZm9yZSI6IiIsImFmdGVyIjoiIn19@\u201d subhead=&quot;Les sols se d\u00e9gradent , les rendements chutent et les nouvelles pratiques et solutions n&#039;atteignent pas les petits agriculteurs \u00bb text_orientation= \u00bbcenter \u00bb background_overlay_color= \u00bbrgba(0,0,0,0.09) \u00bb content_max_width= \u00bb51% \u00bb _builder_version= \u00bb4.9.0\u2033 _dynamic_attributes =\u201dtitle\u201d _module_preset=\u201ddefault\u201d title_font_size=\u201d70px\u201d content_font_size=\u201d30px\u201d subhead_text_color=\u201d#ffffff\u201d subhead_font_size=\u201d30px\u201d subhead_line_height=\u201d1.2em\u201d background_enable_color=\u201doff\u201d background_image=\u201dhttps:\/\/lifeworks.global \/wp-content\/uploads\/2020\/12\/Challenge-Page-Header.jpg\u201d min_height=\u201d350px\u201d min_height_tablet=\u201d300px\u201d min_height_phone=\u201d250px\u201d min_height_last_edited=\u201dsur|t\u00e9l\u00e9phone\u201d height_tablet=\u201d300px\u201d height_phone=\u201d250px &quot; height_last_edited = &quot; sur | t\u00e9l\u00e9phone &quot; title_font_size_tablet = &quot; 47px &quot; title_font_size_phone = &quot; 31px &quot; title_font_size_last_edited = &quot; sur | t\u00e9l\u00e9phone &quot; content_font_size_tablet = &quot; 25px &quot; content_font_size_phone = &quot; 17px &quot; content_font_size_last_edited = &quot; sur | t\u00e9l\u00e9phone &quot; subhead_font_size_tablet = &quot; 23px subhead_font_ taille_t\u00e9l\u00e9phone = \u00bb 15px&quot; subhead_font_size_last_edited=&quot;sur|t\u00e9l\u00e9phone&quot; custom_css_header_container=&quot;min-width:100%;&quot; custom_css_title=&quot;padding-top:2vw;&quot; title_text_shadow_style=\u201dpreset1\u2033 subhead_text_shadow_style=\u201dpreset1\u2033 box_shadow_style_image=\u201dpreset4\u2033 global_colors_info=\u201d{}\u201d custom_css_header_container_last_edited=\u201doff|phone\u201d custom_css_title_last_edited=\u201don|phone\u201d custom_css_content_last_edited=\u201don|desktop custom_ css_header_container_tablet=&quot;min-largeur\u00a0: 90% ; \u00bb custom_css_title_phone=\u201dpadding-top:0px;\u201d Custom_css_title_tablet = \u201dpadding-top: 2vw;\u201d] [\/ et_pb_fullwidth_header] [\/ et_pb_section] [et_pb_section fb_buil \u201d#F8F7F5 \u2033 width=\u201d100%\u201d custom_margin=\u201d0px||0px||true|false\u201d custom_padding=\u201d4vh||4vh||true|false\u201d custom_padding_tablet=\u201d0px||0px||true|false\u201d custom_padding_phone=\u201d2vh|| 2vh||true|false\u201d animation_direction=\u201dleft\u201d global_colors_info=\u201d{}\u201d][et_pb_row make_equal=\u201don\u201d custom_padding_last_edited=\u201don|tablet\u201d _builder_version=\u201d4.7.7\u2033 _module_preset=\u201ddefault\u201d width=\u201d100%\u201d width_tablet=\u201d\u201d width_phone=\u201d100%\u201d width_last_edited=\u201don|tablet\u201d max_width=\u201d2530px\u201d custom_padding=\u201d0vh|0px|0vh|0px|true|false\u201d custom_padding_tablet=\u201d|0px||0px|true|false\u201d custom_padding_phone =\u201d0px|15px|0px|15px|true|true\u201d global_colors_info=\u201d{}\u201d][et_pb_column type=\u201d4_4\u2033 _builder_version=\u201d4.6.2\u2033 _module_preset=\u201ddefault\u201d global_colors_info=\u201d{}\u201d][et_pb_slider show_arrows =\u201doff\u201d show_pagination=\u201doff\u201d use_bg_overlay=\u201doff\u201d _builder_version=\u201d4.7.7\u2033 _module_preset=\u201ddefault\u201d header_font=\u201dOpen Sans|700|||||||\u201d en t\u00eate_text_align = \u201dCenter\u201d header_text_color = \u201d#74503 Ablet = \u201d \u201d custom_margin_phone=\u201d\u201d custom_margin_last_edited=\u201don|phone\u201d custom_padding=\u201d10px|1%|10px|1%|true|true\u201d auto=\u201don\u201d auto_speed=\u201d6000\u2033 header_font_size_tablet=\u201d26px\u201d header_font_size_phone=\u201d18px\u201d header_font_size_last_edited=\u201d on|desktop\u201d global_colors_info=\u201d{}\u201d][et_pb_slide head=\u201dUn tiers des sols de la plan\u00e8te est d\u00e9grad\u00e9, selon l&#039;Organisation des Nations Unies pour l&#039;alimentation et l&#039;agriculture.\u201d _builder_version=\u201d4.7.7\u2033 _module_preset=\u201ddefault\u201d global_colors_info=\u201d{}\u201d sticky_transition=\u201don\u201d][\/et_pb_slide][et_pb_slide head=\u201dLes sols fertiles disparaissent \u00e0 un rythme de 24 milliards de tonnes par an. Si le rythme de d\u00e9gradation se poursuit, la couche arable de la plan\u00e8te pourrait dispara\u00eetre d&#039;ici 60 ans. \u201d _builder_version=\u201d4.7.7\u2033 _module_preset=\u201ddefault\u201d global_colors_info=\u201d{}\u201d sticky_transition=\u201don\u201d][\/et_pb_slide][et_pb_slide head=\u201dPartout dans le monde, les rendements des cultures chutent, de m\u00eame que les niveaux de nutriments des nourriture cultiv\u00e9e. _builder_version=\u201d4.7.7\u2033 _module_preset=\u201ddefault\u201d global_colors_info=\u201d{}\u201d sticky_transition=\u201don\u201d][\/et_pb_slide][et_pb_slide head=\u201dDans de nombreux pays, les agriculteurs sont enferm\u00e9s dans un cycle destructeur \u2013 alors que les sols se d\u00e9gradent et que les cultures les rendements chutent, ils utilisent des quantit\u00e9s toujours plus \u00e9lev\u00e9es d\u2019engrais inorganiques et de pesticides. \u201d _builder_version=\u201d4.7.7\u2033 _module_preset=\u201ddefault\u201d global_colors_info=\u201d{}\u201d sticky_transition=\u201don\u201d][\/et_pb_slide][et_pb_slide head=\u201dFacilement disponibles, fortement promus et abondants, ces compos\u00e9s contribuent \u00e0 la d\u00e9gradation des sols \u2013 ils perturbent les cycles naturels des nutriments et des min\u00e9raux et suppriment la biologie naturelle des sols et la r\u00e9sistance des plantes aux agents pathog\u00e8nes. _builder_version=\u201d4.7.7\u2033 _module_preset=\u201ddefault\u201d global_colors_info=\u201d{}\u201d sticky_transition=\u201don\u201d][\/et_pb_slide][\/et_pb_slider][\/et_pb_column][\/et_pb_row][\/et_pb_section][et_pb_section fb_built=\u201d1 \u2033 _builder_version=\u201d4.6.5\u2033 _module_preset=\u201ddefault\u201d background_enable_color=\u201doff\u201d width=\u201d100%\u201d custom_padding=\u201d2vh||2vh||true|false\u201d global_colors_info=\u201d{}\u201d][et_pb_row column_structure=\u201d1_2, 1_2\u2033 custom_padding_last_edited=\u201don|phone\u201d _builder_version=\u201d4.8.1\u2033 _module_preset=\u201ddefault\u201d width=\u201d95vw\u201d max_width=\u201d2560px\u201d custom_padding=\u201d4vh|2vw|4vh|2vw|true|true\u201d custom_padding_tablet=\u201d| 2vh||2vh|true|true\u201d custom_padding_phone=\u201d0px||0px||true|true\u201d global_colors_info=\u201d{}\u201d][et_pb_column type=\u201d1_2\u2033 _builder_version=\u201d4.7.7\u2033 _module_preset=\u201ddefault\u201d global_colors_info= \u201d{}\u201d][et_pb_image src=\u201dhttps:\/\/lifeworks.global\/wp-content\/uploads\/2020\/12\/challenge_01-optimised.jpg\u201d alt=\u201dImpact du changement climatique sur la qualit\u00e9 des sols\u201d title_text=\u201dImpact de changement climatique sur la qualit\u00e9 des sols\u201d force_fullwidth=\u201don\u201d _builder_version=\u201d4.9.0\u2033 _module_preset=\u201ddefault\u201d min_height_last_edited=\u201doff|desktop\u201d custom_margin_tablet=\u201d\u201d custom_margin_phone=\u201d\u201d custom_margin_last_edited=\u201don|desktop\u201d custom_padding=\u201d|| ||false|false\u201d custom_padding_tablet=\u201d||3vh||false|false\u201d custom_padding_phone=\u201d\u201d custom_padding_last_edited=\u201don|tablet\u201d border_color_all=\u201d#7cda24\u2033 global_colors_info=\u201d{}\u201d][\/et_pb_image][\/et_pb_column][ et_pb_column type=\u201d1_2\u2033 _builder_version=\u201d4.6.2\u2033 _module_preset=\u201ddefault\u201d global_colors_info=\u201d{}\u201d][et_pb_text _builder_version=\u201d4.8.1\u2033 _module_preset=\u201ddefault\u201d text_font_size=\u201d22px\u201d text_line_height=\u201d1.3em\u201d header_2_font_size=\u201d58px\u201d header_2_line_height=\u201d1.5em\u201d header_3_font_size=\u201d40px\u201d custom_margin_tablet=\u201d|0vw||0vw|false|true\u201d custom_margin_phone=\u201d|0vw||0vw|false|false\u201d custom_margin_last_edited=\u201don|phone\u201d custom_padding_tablet = &quot;&quot; custom_padding_phone = &quot;&quot; custom_padding_last_edited = &quot;sur | t\u00e9l\u00e9phone&quot; text_font_size_tablet = &quot;&quot; text_font_size_phone =&quot; 18px&quot; text_font_size_last_edited = &quot;sur | t\u00e9l\u00e9phone&quot; text_letter_spacing_tablet = &quot;&quot; text_letter_spacing_phone =&quot;&quot; text_letter_spacing_last_edited = &quot;sur | t\u00e9l\u00e9phone&quot; header_2_font_ size_tablet=\u201d\u201d header_2_font_size_phone =\u201d30px\u201d header_2_font_size_last_edit=\u201dsur|t\u00e9l\u00e9phone\u201d global_colors_info=\u201d{}\u201d]\n<h2>Impact sur les agriculteurs<\/h2>\n<p>Le changement climatique, l\u2019\u00e9puisement des sols et l\u2019\u00e9rosion signifient que les petits agriculteurs sont confront\u00e9s \u00e0 des d\u00e9fis croissants. Beaucoup d\u2019entre eux re\u00e7oivent tr\u00e8s peu, voire aucune, d\u2019assistance ou de formation.<\/p>\n<p>Les agronomes charg\u00e9s de les aider manquent de ressources et sont surmen\u00e9s. Le financement disponible est en grande partie consacr\u00e9 aux semences et aux engrais, laissant tr\u00e8s peu de place \u00e0 la formation pour aider les agriculteurs.<\/p>\n[\/et_pb_text][\/et_pb_column][\/et_pb_row][\/et_pb_section][et_pb_section fb_built=\u201d1\u2033 custom_padding_last_edited=\u201don|phone\u201d _builder_version=\u201d4.6.5\u2033 _module_preset=\u201ddefault\u201d background_color=\u201d#f8f7f5\u2033 width=\u201d 100%\u201d custom_padding=\u201d2vh||2vh||true|false\u201d custom_padding_tablet=\u201d0px||0px||true|false\u201d custom_padding_phone=\u201d2vh||2vh||true|false\u201d global_colors_info=\u201d{}\u201d][et_pb_row column_structure=\u201d1_2,1_2\u2033 make_equal=\u201don\u201d custom_padding_last_edited=\u201don|phone\u201d _builder_version=\u201d4.7.7\u2033 _module_preset=\u201ddefault\u201d width=\u201d95vw\u201d max_width=\u201d2560px\u201d custom_padding=\u201d4vh|2vw|4vh| 2vw|true|true\u201d custom_padding_tablet=\u201d||||true|true\u201d custom_padding_phone=\u201d0px|2vw|0px|2vw|true|true\u201d global_colors_info=\u201d{}\u201d][et_pb_column type=\u201d1_2\u2033 _builder_version=\u201d4.6 .2\u2033 _module_preset=\u201ddefault\u201d global_colors_info=\u201d{}\u201d][et_pb_text _builder_version=\u201d4.9.0\u2033 _module_preset=\u201ddefault\u201d text_font_size=\u201d22px\u201d text_line_height=\u201d1.3em\u201d header_2_font_size=\u201d51px\u201d header_2_line_height=\u201d1.5em\u201d &quot; custom_margin_tablet = &quot; | 0vw | 4vh | 0vw | false | true &quot; custom_margin_phone = &quot; | 0vw | | 0vw | false | false &quot; custom_margin_last_edited = &quot; sur | t\u00e9l\u00e9phone &quot; custom_padding_tablet = &quot; &quot; custom_padding_phone = &quot; &quot; custom_padding_last_edited = &quot; sur | t\u00e9l\u00e9phone &quot; text_font_size_tablet=\u201d\u201d text_font_size_phone=\u201d18px\u201d text_font_size_last_edited=\u201dsur|t\u00e9l\u00e9phone\u201d text_letter_spacing_tablet=\u201d\u201d text_letter_spacing_phone=\u201d\u201d text_letter_spacing_last_edited=\u201dsur|t\u00e9l\u00e9phone\u201d header_2_font_size_tablet=\u201d\u201d header_2_font_size_phone=\u201d30px\u201d font_size_last_edited=\u201dsur|t\u00e9l\u00e9phone\u201d global_colors_info=\u201d {}\u201d]\n<h2>Un p\u00e9dologue explique<\/h2>\n<p>Dr Elaine Ingham du <a href=\"https:\/\/rodaleinstitute.org\/\" target=\"_blank\" rel=\"noopener noreferrer\">Institut Rodale en Pennsylvanie<\/a> est un champion de la m\u00e9thode de compostage \u00e0 chaud de Berkeley. Elle explique ici ce qui est arriv\u00e9 au sol et comment y rem\u00e9dier.<\/p>\n[\/et_pb_text][\/et_pb_column][et_pb_column type=\u201d1_2\u2033 _builder_version=\u201d4.6.2\u2033 _module_preset=\u201ddefault\u201d global_colors_info=\u201d{}\u201d][et_pb_video src=\u201dhttps:\/\/youtu.be\/GEtl09VZiSU\u201d image_src =\u201dhttps:\/\/lifeworks.global\/wp-content\/uploads\/2021\/01\/Elaine-Ingham-Video-Cover3.jpg\u201d thumbnail_overlay_color=\u201drgba(0,0,0,0.6)\u201d _builder_version=\u201d4.9.0 \u2033 _module_preset=\u201dpar d\u00e9faut\u201d custom_padding=\u201d|||0px||\u201d global_colors_info=\u201d{}\u201d][\/et_pb_video][\/et_pb_column][\/et_pb_row][\/et_pb_section]","protected":false},"excerpt":{"rendered":"<p>Impact sur les agriculteurs Le changement climatique, l&#039;\u00e9puisement des sols et l&#039;\u00e9rosion signifient que les petits agriculteurs sont confront\u00e9s \u00e0 des d\u00e9fis croissants. Beaucoup d\u2019entre eux re\u00e7oivent tr\u00e8s peu, voire aucune, d\u2019assistance ou de formation. Les agronomes charg\u00e9s de les aider manquent de ressources et sont surmen\u00e9s. Les fonds disponibles sont en grande partie consacr\u00e9s aux semences et aux engrais, laissant tr\u00e8s peu de place \u00e0 la formation pour aider les agriculteurs \u00e0 [\u2026]<\/p>","protected":false},"author":1,"featured_media":0,"parent":0,"menu_order":0,"comment_status":"closed","ping_status":"open","template":"","meta":{"_et_pb_use_builder":"on","_et_pb_old_content":"<h2><em>Realising the potential\u2026<\/em><\/h2>\r\n<h2 style=\"text-align: center;\"><strong>The Challenge: Barren Land<\/strong><\/h2>\r\nSoil fertility is critical to crop health and has been on the decline for decades. Much of the world\u2019s soil has become devoid of the microorganisms essential in creating organic mineral complexes that make the soil \u2018healthy\u2019.\u00a0Chemical fertiliser is not recommended. Harmful chemicals applied to the soil, including pesticides, herbicides and ammonium-based fertilizers, as well as damaging agriculture practices like cash crop farming, monocropping, intensive ploughing, and the introduction of genetically modified organisms (GMO\u2019s), have all played their part in the soil\u2019s destruction.\r\n\r\nCommercial fertilisers no longer provide a viable solution to bringing the soil back to health. With natural sources of phosphorous being depleted, the cost of its production becomes unaffordable to those who need it most alongside not providing vital nutrition for the soil to replenish.\r\n<h2>The situation...<\/h2>\r\n<ul>\r\n \t<li>Many small farmers receive very little - if any - assistance or training.<\/li>\r\n \t<li>Experts are beset by the paperwork required to evaluate their current work, reducing their ability to work directly with growers.<\/li>\r\n \t<li>Given climate change, soil depletion and erosion, getting best practice in the field is a daunting challenge.<\/li>\r\n \t<li>The funding that is available is largely spent on seeds and fertiliser, leaving very little for training to help farmers bridge their lack of farming skills.<\/li>\r\n \t<li>Small farmers are suffering from very low yields.<\/li>\r\n<\/ul>","_et_gb_content_width":"","footnotes":""},"class_list":["post-217","page","type-page","status-publish","hentry"],"aioseo_notices":[],"_links":{"self":[{"href":"https:\/\/lifeworks.global\/fr\/wp-json\/wp\/v2\/pages\/217","targetHints":{"allow":["GET"]}}],"collection":[{"href":"https:\/\/lifeworks.global\/fr\/wp-json\/wp\/v2\/pages"}],"about":[{"href":"https:\/\/lifeworks.global\/fr\/wp-json\/wp\/v2\/types\/page"}],"author":[{"embeddable":true,"href":"https:\/\/lifeworks.global\/fr\/wp-json\/wp\/v2\/users\/1"}],"replies":[{"embeddable":true,"href":"https:\/\/lifeworks.global\/fr\/wp-json\/wp\/v2\/comments?post=217"}],"version-history":[{"count":8,"href":"https:\/\/lifeworks.global\/fr\/wp-json\/wp\/v2\/pages\/217\/revisions"}],"predecessor-version":[{"id":2854,"href":"https:\/\/lifeworks.global\/fr\/wp-json\/wp\/v2\/pages\/217\/revisions\/2854"}],"wp:attachment":[{"href":"https:\/\/lifeworks.global\/fr\/wp-json\/wp\/v2\/media?parent=217"}],"curies":[{"name":"wp","href":"https:\/\/api.w.org\/{rel}","templated":true}]}}