{"id":2524,"date":"2022-03-08T13:01:58","date_gmt":"2022-03-08T13:01:58","guid":{"rendered":"https:\/\/lifeworks.global\/?page_id=2524"},"modified":"2025-01-23T17:20:40","modified_gmt":"2025-01-23T17:20:40","slug":"resources","status":"publish","type":"page","link":"https:\/\/lifeworks.global\/es\/resources\/","title":{"rendered":"Recursos"},"content":{"rendered":"[et_pb_section fb_built=\u201d1\u2033 fullwidth=\u201don\u201d _builder_version=\u201d4.7.7\u2033 _module_preset=\u201ddefault\u201d global_colors_info=\u201d{}\u201d][et_pb_fullwidth_header title=\u201d@ET-DC@eyJkeW5hbWljIjp0cnVlLCJjb250ZW50IjoicG9zdF90aXR sZSIsInNldHRpbmdzIjp7ImJlZm9yZSI6IiIsImFmdGVyIjoiIn19@\u201d subhead=\u201dV\u00eddeos, informes y materiales que explican lo que hacemos y el impacto que tiene\u201d text_orientation=\u201dcenter\u201d background_overlay_color=\u201drgba(0,0,0,0.09)\u201d content_max_width=\u201d51%\u201d _builder_version=\u201d4.14.7\u2033 _dynamic_attributes=\u201dtitle\u201d _module_preset =\u201dpredeterminado\u201d title_font_size=\u201d70px\u201d content_font_size=\u201d30px\u201d subhead_text_color=\u201d#ffffff\u201d subhead_font_size=\u201d30px\u201d subhead_line_height=\u201d1.2em\u201d background_enable_color=\u201doff\u201d background_image=\u201dhttps:\/\/lifeworks.global\/wp-content\/ uploads\/2021\/01\/howwewrk_1-optimised.jpg\u201d min_height=\u201d350px\u201d min_height_tablet=\u201d300px\u201d min_height_phone=\u201d250px\u201d min_height_last_edited=\u201den|tel\u00e9fono\u201d height_tablet=\u201d300px\u201d height_phone=\u201d250px\u201d height_last_edited=\u201den|tel\u00e9fono \u201d title_font_size_tablet=\u201d47px\u201d title_font_size_phone=\u201d31px\u201d title_font_size_last_edited=\u201don|phone\u201d content_font_size_tablet=\u201d25px\u201d content_font_size_phone=\u201d17px\u201d content_font_size_last_edited=\u201don|phone\u201d subhead_font_size_tablet=\u201d23px\u201d subhead_font_size_phone=\u201d 15px\u201d subhead_font_size_last_edited=\u201den| tel\u00e9fono\u201d custom_css_header_container=\u201dancho m\u00ednimo:100%;\u201d custom_css_title=\u201dpadding-top:2vw;\u201d title_text_shadow_style=\u201dpreset1\u2033 subhead_text_shadow_style=\u201dpreset1\u2033 box_shadow_style_image=\u201dpreset4\u2033 global_colors_info=\u201d{}\u201d custom_css_header_container_last_edited=\u201doff|phone\u201d custom_css_title_last_edited=\u201don|phone\u201d custom_css_content_last_edited=\u201don|desktop\u201d _container_tablet=\u201dancho m\u00ednimo:90% ;\u201d custom_css_title_phone=\u201dpadding-top:0px;\u201d custom_css_title_tablet=\u201dpadding-top:2vw;\u201d][\/et_pb_fullwidth_header][\/et_pb_section][et_pb_section fb_built=\u201d1\u2033 _builder_version=\u201d4.14.7\u2033 _module_preset=\u201ddefault\u201d global_colors_info=\u201d{}\u201d][et_pb_row _builder_version=\u201d 4.14.7\u2033 _module_preset=\u201ddefault\u201d global_colors_info=\u201d{}\u201d][et_pb_column type=\u201d4_4\u2033 _builder_version=\u201d4.14.7\u2033 _module_preset=\u201ddefault\u201d global_colors_info=\u201d{}\u201d][et_pb_text _builder_version=\u201d4.14.7 \u2033 _module_preset=\u201ddefault\u201d global_colors_info=\u201d{}\u201d]\n<h2>Todo sobre Lifeworks<\/h2>\n<p>La formaci\u00f3n Lifeworks transforma vidas. Estos recursos le brindar\u00e1n todos los datos clave sobre Lifeworks y c\u00f3mo difundimos conocimientos que cambian vidas entre los agricultores de subsistencia en el \u00c1frica subsahariana y m\u00e1s all\u00e1.<\/p>\n[\/et_pb_text][\/et_pb_column][\/et_pb_row][et_pb_row estructura_columna=\u201d1_4,1_4,1_4,1_4\u2033 _builder_version=\u201d4.14.7\u2033 _module_preset=\u201dpredeterminado\u201d relleno_personalizado=\u201d0px||||falso|falso\u201d hover_enabled=\u201d0\u2033 informaci\u00f3n_de_colores_globales=\u201d{}\u201d sticky_enabled=\u201d0\u2033][et_pb_column tipo=\u201d1_4\u2033 _builder_version=\u201d4.14.7\u2033 _module_preset=\u201dpredeterminado\u201d informaci\u00f3n_de_colores_globales=\u201d{}\u201d][et_pb_video origen=\u201dhttps:\/\/www.youtube.com\/watch?v=q8OBqvkXb48\u2033 Versi\u00f3n del constructor: 4.14.7. Preajuste del m\u00f3dulo: predeterminado, informaci\u00f3n global de colores: {}\n<p><strong>Una introducci\u00f3n a Lifeworks<\/strong><\/p>\n<p>Este v\u00eddeo introductorio muestra el impacto de nuestra formaci\u00f3n en la vida de Clementine, una agricultora de subsistencia de Ruanda.<\/p>\n[\/et_pb_text][\/et_pb_column][et_pb_column type=\u201d1_4\u2033 _builder_version=\u201d4.14.7\u2033 _module_preset=\u201ddefault\u201d global_colors_info=\u201d{}\u201d][et_pb_image src=\u201dhttps:\/\/lifeworks.global\/wp-content \/uploads\/2023\/04\/lifework-2-pager.png\u201d title_text=\u201dlifework 2 buscapersonas\u201d url=\u201dhttps:\/\/lifeworks.global\/wp-content\/uploads\/2023\/10\/About-Lifeworks-2-page -introducci\u00f3n.pdf\u201d _builder_version=\u201d4.14.7\u2033 _module_preset=\u201ddefault\u201d global_colors_info=\u201d{}\u201d][\/et_pb_image][et_pb_text _builder_version=\u201d4.14.7\u2033 _module_preset=\u201ddefault\u201d global_colors_info=\u201d{}\u201d]\n<p><strong>Acerca de Lifeworks: una introducci\u00f3n de 2 p\u00e1ginas<\/strong><\/p>\n<p>Esta p\u00e1gina de dos p\u00e1ginas le brinda todos los datos clave sobre Lifeworks.<strong>.<\/strong><\/p>\n[\/et_pb_text][\/et_pb_column][et_pb_column type=\u201d1_4\u2033 _builder_version=\u201d4.14.7\u2033 _module_preset=\u201ddefault\u201d global_colors_info=\u201d{}\u201d][et_pb_image src=\u201dhttps:\/\/lifeworks.global\/wp-content \/uploads\/2023\/04\/lifeworks-presentation.png\u201d title_text=\u201dpresentaci\u00f3n de lifeworks\u201d url=\u201dhttps:\/\/lifeworks.global\/wp-content\/uploads\/2023\/07\/Lifeworks-how-we-work-presentation. pdf\u201d _builder_version=\u201d4.14.7\u2033 _module_preset=\u201ddefault\u201d global_colors_info=\u201d{}\u201d][\/et_pb_image][et_pb_text _builder_version=\u201d4.14.7\u2033 _module_preset=\u201ddefault\u201d global_colors_info=\u201d{}\u201d]\n<p><strong>Lifeworks \u2013 presentaci\u00f3n &#039;c\u00f3mo trabajamos&#039;<\/strong><\/p>\n<p>Esta breve presentaci\u00f3n explica qu\u00e9 hacemos, por qu\u00e9 lo hacemos y c\u00f3mo impartimos nuestra capacitaci\u00f3n en cascada y llegamos a miles de agricultores de subsistencia.<\/p>\n[\/et_pb_text][\/et_pb_column][et_pb_column type=\u201d1_4\u2033 _builder_version=\u201d4.14.7\u2033 _module_preset=\u201ddefault\u201d global_colors_info=\u201d{}\u201d][et_pb_video src=\u201dhttps:\/\/player.vimeo.com\/video\/917500230\u2033 _builder_version=\u201d4.14.7\u2033 _module_preset=\u201ddefault\u201d global_colors_info=\u201d{}\u201d][\/et_pb_video][et_pb_text _builder_version=\u201d4.14.7\u2033 _module_preset=\u201ddefault\u201d hover_enabled=\u201d0\u2033 global_colors_info=\u201d{}\u201d sticky_enabled=\u201d0\u2033]\n<p><strong>Lifeworks \u2013 \u201cConstruyendo un futuro mejor\u201d \u2013 Seminario web<\/strong><\/p>\n<p>Este seminario web comparte poderosas tecnolog\u00edas microbianas que fomentan la seguridad alimentaria y crean nuevas oportunidades comerciales para los peque\u00f1os agricultores y sus comunidades.<\/p>\n[\/et_pb_text][\/et_pb_column][\/et_pb_row][et_pb_row _builder_version=\u201d4.14.7\u2033 _module_preset=\u201ddefault\u201d global_colors_info=\u201d{}\u201d][et_pb_column type=\u201d4_4\u2033 _builder_version=\u201d4.14.7\u2033 _module_preset=\u201d default\u201d global_colors_info=\u201d{}\u201d][et_pb_text _builder_version=\u201d4.14.7\u2033 _module_preset=\u201ddefault\u201d global_colors_info=\u201d{}\u201d]\n<h2>&#039;Videos de&#039; c\u00f3mo hacer<\/h2>\n<p>En estos videos, le mostramos c\u00f3mo hacer cuatro preparaciones microbianas muy poderosas (usando ingredientes baratos y cotidianos) para aumentar la fertilidad del suelo y aumentar el rendimiento de los cultivos.<\/p>\n[\/et_pb_text][\/et_pb_column][\/et_pb_row][et_pb_row column_structure=\u201d1_4,1_4,1_4,1_4\u2033 _builder_version=\u201d4.14.7\u2033 _module_preset=\u201ddefault\u201d custom_padding=\u201d0px||||false|false\u201d global_colors_info =\u201d{}\u201d][et_pb_column type=\u201d1_4\u2033 _builder_version=\u201d4.14.7\u2033 _module_preset=\u201ddefault\u201d global_colors_info=\u201d{}\u201d][et_pb_text _builder_version=\u201d4.14.7\u2033 _module_preset=\u201ddefault\u201d global_colors_info=\u201d{ }\u201d]\n\n\n<iframe loading=\"lazy\" title=\"C\u00f3mo hacer &#039;suero de laboratorio&#039;: un fertilizante org\u00e1nico fermentado\" width=\"1080\" height=\"608\" src=\"https:\/\/www.youtube.com\/embed\/mYY-Ox4E0Rs?feature=oembed\"  allow=\"accelerometer; autoplay; clipboard-write; encrypted-media; gyroscope; picture-in-picture; web-share\" referrerpolicy=\"strict-origin-when-cross-origin\" allowfullscreen><\/iframe><br \/>\n[\/et_pb_text][et_pb_text _builder_version=\u201d4.14.7\u2033 _module_preset=\u201ddefault\u201d global_colors_info=\u201d{}\u201d]\n<p><strong>Suero de laboratorio o fertilizante de &quot;leche&quot;<\/strong><\/p>\n<p style=\"text-align: left;\">C\u00f3mo elaborar y utilizar un fertilizante de Lactobacillus fermentado conocido como &quot;fertilizante de leche&quot; o suero de laboratorio.<\/p>\n[\/et_pb_text][\/et_pb_column][et_pb_column type=\u201d1_4\u2033 _builder_version=\u201d4.14.7\u2033 _module_preset=\u201ddefault\u201d global_colors_info=\u201d{}\u201d][et_pb_text _builder_version=\u201d4.14.7\u2033 _module_preset=\u201ddefault\u201d global_colors_info= &quot;{}&quot;]\n\n\n<iframe loading=\"lazy\" title=\"C\u00f3mo hacer hidrolizado de pescado: un fertilizante org\u00e1nico fermentado\" width=\"1080\" height=\"608\" src=\"https:\/\/www.youtube.com\/embed\/7_-xIJ2nm4E?feature=oembed\"  allow=\"accelerometer; autoplay; clipboard-write; encrypted-media; gyroscope; picture-in-picture; web-share\" referrerpolicy=\"strict-origin-when-cross-origin\" allowfullscreen><\/iframe><br \/>\n[\/et_pb_text][et_pb_text admin_label=\u201dTexto\u201d _builder_version=\u201d4.14.7\u2033 _module_preset=\u201ddefault\u201d global_colors_info=\u201d{}\u201d]\n<p><strong>Hidrosilato de pescado<\/strong><\/p>\n<p>C\u00f3mo elaborar y utilizar un fertilizante fermentado conocido como hidrolizado de pescado.<\/p>\n[\/et_pb_text][\/et_pb_column][et_pb_column type=\u201d1_4\u2033 _builder_version=\u201d4.14.7\u2033 _module_preset=\u201ddefault\u201d global_colors_info=\u201d{}\u201d][et_pb_text _builder_version=\u201d4.14.7\u2033 _module_preset=\u201ddefault\u201d global_colors_info= &quot;{}&quot;]\n\n\n<iframe loading=\"lazy\" title=\"C\u00f3mo hacer un &quot;fertilizante para vacas&quot;: un fertilizante org\u00e1nico fermentado\" width=\"1080\" height=\"608\" src=\"https:\/\/www.youtube.com\/embed\/EA3Pe0dD6CI?feature=oembed\"  allow=\"accelerometer; autoplay; clipboard-write; encrypted-media; gyroscope; picture-in-picture; web-share\" referrerpolicy=\"strict-origin-when-cross-origin\" allowfullscreen><\/iframe><br \/>\n[\/et_pb_text][et_pb_text _builder_version=\u201d4.14.7\u2033 _module_preset=\u201ddefault\u201d global_colors_info=\u201d{}\u201d]\n<p><strong>Fertilizante para vacas<\/strong><\/p>\n<p>C\u00f3mo hacer y utilizar un fertilizante fermentado conocido como &quot;fertilizante de vaca&quot; elaborado a partir de esti\u00e9rcol y orina de vaca.<\/p>\n[\/et_pb_text][\/et_pb_column][et_pb_column type=\u201d1_4\u2033 _builder_version=\u201d4.14.7\u2033 _module_preset=\u201ddefault\u201d global_colors_info=\u201d{}\u201d][et_pb_text _builder_version=\u201d4.14.7\u2033 _module_preset=\u201ddefault\u201d global_colors_info= &quot;{}&quot;]\n\n\n<iframe loading=\"lazy\" title=\"C\u00f3mo hacer abono de 18 d\u00edas utilizando el m\u00e9todo de abono caliente de Berkeley\" width=\"1080\" height=\"608\" src=\"https:\/\/www.youtube.com\/embed\/RqPMkgqV2gw?feature=oembed\"  allow=\"accelerometer; autoplay; clipboard-write; encrypted-media; gyroscope; picture-in-picture; web-share\" referrerpolicy=\"strict-origin-when-cross-origin\" allowfullscreen><\/iframe><br \/>\n[\/et_pb_text][et_pb_text _builder_version=\u201d4.14.7\u2033 _module_preset=\u201ddefault\u201d global_colors_info=\u201d{}\u201d]\n<p><strong>Abono de 18 d\u00edas<\/strong><\/p>\n<p>C\u00f3mo hacer y utilizar un rico abono en tan solo 18 d\u00edas utilizando el m\u00e9todo de &#039;compostaje en caliente&#039; desarrollado por la Universidad de California, Berkeley.<\/p>\n[\/et_pb_text][\/et_pb_column][\/et_pb_row][et_pb_row _builder_version=\u201d4.14.7\u2033 _module_preset=\u201ddefault\u201d global_colors_info=\u201d{}\u201d][et_pb_column type=\u201d4_4\u2033 _builder_version=\u201d4.14.7\u2033 _module_preset=\u201d default\u201d global_colors_info=\u201d{}\u201d][et_pb_text _builder_version=\u201d4.14.7\u2033 _module_preset=\u201ddefault\u201d global_colors_info=\u201d{}\u201d]\n<h2>Evidencia de impacto<\/h2>\n<p>Existe un creciente conjunto de pruebas que respaldan el uso de soluciones microbianas en la agricultura y en otros sectores.<\/p>\n[\/et_pb_text][\/et_pb_column][\/et_pb_row][et_pb_row column_structure=\u201d1_4,1_4,1_4,1_4\u2033 _builder_version=\u201d4.14.7\u2033 _module_preset=\u201ddefault\u201d custom_padding=\u201d0px||||false|false\u201d global_colors_info =\u201d{}\u201d][et_pb_column type=\u201d1_4\u2033 _builder_version=\u201d4.14.7\u2033 _module_preset=\u201ddefault\u201d global_colors_info=\u201d{}\u201d][et_pb_image src=\u201dhttps:\/\/lifeworks.global\/wp-content\/uploads \/2023\/04\/lifeworks-microbiano-revo.png\u201d title_text=\u201dlifeworks microbiano revo\u201d url=\u201dhttps:\/\/lifeworks.global\/wp-content\/uploads\/2022\/05\/The-microbian-revolution-reviewing-evidence -para-el-uso-de-fertilizantes-microbianos-en-agricultura.pdf\u201d _builder_version=\u201d4.14.7\u2033 _module_preset=\u201ddefault\u201d global_colors_info=\u201d{}\u201d][\/et_pb_image][et_pb_text _builder_version=\u201d4.14.7 \u2033 _module_preset=\u201ddefault\u201d global_colors_info=\u201d{}\u201d]\n<p><strong>La revoluci\u00f3n microbiana\u00a0<\/strong><\/p>\n<p>Un documento de evidencia creado por Lifeworks que resume la evidencia de que los fertilizantes microbianos tienen una variedad de beneficios comprobados.<\/p>\n[\/et_pb_text][\/et_pb_column][et_pb_column type=\u201d1_4\u2033 _builder_version=\u201d4.14.7\u2033 _module_preset=\u201ddefault\u201d global_colors_info=\u201d{}\u201d][\/et_pb_column][et_pb_column type=\u201d1_4\u2033 _builder_version=\u201d4.14. 7\u2033 _module_preset=\u201ddefault\u201d global_colors_info=\u201d{}\u201d][\/et_pb_column][et_pb_column type=\u201d1_4\u2033 _builder_version=\u201d4.14.7\u2033 _module_preset=\u201ddefault\u201d global_colors_info=\u201d{}\u201d][\/et_pb_column][\/ et_pb_row][\/et_pb_section]","protected":false},"excerpt":{"rendered":"<p>Todo sobre Lifeworks La formaci\u00f3n Lifeworks transforma vidas. Estos recursos le brindar\u00e1n todos los datos clave sobre Lifeworks y c\u00f3mo difundimos conocimientos que cambian vidas entre los agricultores de subsistencia en el \u00c1frica subsahariana y m\u00e1s all\u00e1. Una introducci\u00f3n a Lifeworks Este video introductorio muestra el impacto de nuestra capacitaci\u00f3n en la vida de Clementine, una agricultor de subsistencia de Ruanda. Acerca de Lifeworks [\u2026]<\/p>","protected":false},"author":3,"featured_media":1847,"parent":0,"menu_order":0,"comment_status":"closed","ping_status":"closed","template":"","meta":{"_et_pb_use_builder":"on","_et_pb_old_content":"","_et_gb_content_width":"","footnotes":""},"class_list":["post-2524","page","type-page","status-publish","has-post-thumbnail","hentry"],"aioseo_notices":[],"_links":{"self":[{"href":"https:\/\/lifeworks.global\/es\/wp-json\/wp\/v2\/pages\/2524","targetHints":{"allow":["GET"]}}],"collection":[{"href":"https:\/\/lifeworks.global\/es\/wp-json\/wp\/v2\/pages"}],"about":[{"href":"https:\/\/lifeworks.global\/es\/wp-json\/wp\/v2\/types\/page"}],"author":[{"embeddable":true,"href":"https:\/\/lifeworks.global\/es\/wp-json\/wp\/v2\/users\/3"}],"replies":[{"embeddable":true,"href":"https:\/\/lifeworks.global\/es\/wp-json\/wp\/v2\/comments?post=2524"}],"version-history":[{"count":130,"href":"https:\/\/lifeworks.global\/es\/wp-json\/wp\/v2\/pages\/2524\/revisions"}],"predecessor-version":[{"id":5885,"href":"https:\/\/lifeworks.global\/es\/wp-json\/wp\/v2\/pages\/2524\/revisions\/5885"}],"wp:featuredmedia":[{"embeddable":true,"href":"https:\/\/lifeworks.global\/es\/wp-json\/wp\/v2\/media\/1847"}],"wp:attachment":[{"href":"https:\/\/lifeworks.global\/es\/wp-json\/wp\/v2\/media?parent=2524"}],"curies":[{"name":"wp","href":"https:\/\/api.w.org\/{rel}","templated":true}]}}