{"id":238,"date":"2019-11-04T21:22:58","date_gmt":"2019-11-04T21:22:58","guid":{"rendered":"https:\/\/lifeworks.global\/?page_id=238"},"modified":"2021-02-12T12:19:08","modified_gmt":"2021-02-12T12:19:08","slug":"use-of-cookies","status":"publish","type":"page","link":"https:\/\/lifeworks.global\/es\/use-of-cookies\/","title":{"rendered":"Uso de cookies"},"content":{"rendered":"[et_pb_section fb_built=\u201d1\u2033 fullwidth=\u201don\u201d _builder_version=\u201d4.7.7\u2033 _module_preset=\u201ddefault\u201d custom_padding=\u201d||||true|false\u201d][et_pb_fullwidth_post_title meta=\u201doff\u201d feature_image=\u201doff\u201d _builder_version= \u201d4.7.7\u2033 _module_preset=\u201ddefault\u201d title_text_align=\u201dcenter\u201d title_text_color=\u201d#ffffff\u201d background_color=\u201d#69bd45\u2033 custom_padding=\u201d15px||15px||true|false\u201d title_font_size_tablet=\u201d32px\u201d title_font_size_phone=\u201d24px\u201d title_font_size_last_edited = \u201den|tel\u00e9fono\u201d][\/et_pb_fullwidth_post_title][\/et_pb_section][et_pb_section fb_built=\u201d1\u2033 _builder_version=\u201d3.22\u2033][et_pb_row _builder_version=\u201d3.25\u2033 background_size=\u201dinitial\u201d background_position=\u201dtop_left\u201d background_repeat=\u201drepeat\u201d] [et_pb_column type=\u201d4_4\u2033 _builder_version=\u201d3.25\u2033 custom_padding=\u201d|||\u201d custom_padding__hover=\u201d|||\u201d][et_pb_text _builder_version=\u201d3.27.4\u2033 background_size=\u201dinitial\u201d background_position=\u201dtop_left\u201d background_repeat=\u201drepeat\u201d]<strong>Declaraci\u00f3n de privacidad: c\u00f3mo utilizamos las cookies<\/strong><\/p>\n<p>Las cookies son archivos de texto muy peque\u00f1os que se almacenan en su computadora cuando visita algunos sitios web.<\/p>\n<p>Puede desactivar cualquier cookie que ya est\u00e9 almacenada en su computadora, pero esto puede impedir que nuestro sitio web funcione correctamente.<\/p>\n<p>Lo siguiente es necesario para brindarle la mejor experiencia de usuario y tambi\u00e9n para decirnos qu\u00e9 p\u00e1ginas le parecen m\u00e1s interesantes (de forma an\u00f3nima).<\/p>\n<p><strong>Cookies funcionales<\/strong><\/p>\n<p>Este sitio web:<\/p>\n<ul>\n<li>Realice un seguimiento de las p\u00e1ginas que visita a trav\u00e9s de Google Analytics<\/li>\n<\/ul>\n<p><strong>Cookies de orientaci\u00f3n<\/strong><\/p>\n<p>Este sitio web:<\/p>\n<ul>\n<li>Le permite compartir p\u00e1ginas con redes sociales como Facebook (si est\u00e1 disponible)<\/li>\n<li>Le permite compartir p\u00e1ginas a trav\u00e9s de Agregar esto<\/li>\n<\/ul>\n<p><strong>Este sitio web no<\/strong><\/p>\n<ul>\n<li>Compartir cualquier informaci\u00f3n personal con terceros.<\/li>\n<\/ul>\n[\/et_pb_text][\/et_pb_column][\/et_pb_row][\/et_pb_section]","protected":false},"excerpt":{"rendered":"<p>Declaraci\u00f3n de privacidad: c\u00f3mo utilizamos las cookies Las cookies son archivos de texto muy peque\u00f1os que se almacenan en su computadora cuando visita algunos sitios web. Puede desactivar cualquier cookie que ya est\u00e9 almacenada en su computadora, pero esto puede impedir que nuestro sitio web funcione correctamente. Se requiere lo siguiente para brindarle la mejor experiencia de usuario y [\u2026]<\/p>","protected":false},"author":1,"featured_media":0,"parent":0,"menu_order":0,"comment_status":"closed","ping_status":"open","template":"","meta":{"_et_pb_use_builder":"on","_et_pb_old_content":"<p><strong>Privacy Statement:\u00a0 How we use Cookies<\/strong><\/p><p>Cookies are very small text files that are stored on your computer when you visit some websites.<\/p><p>You can disable any cookies already stored on your computer, but these may stop our website from functioning properly.<\/p><p>The following \u00a0are required to provide you with the best user experience and also to tell us which pages you find most interesting (anonymously).<\/p><p><strong>Functional Cookies<\/strong><\/p><p>This Website Will:<\/p><ul><li>Track the pages you visits via Google Analytics<\/li><\/ul><p><strong>Targeting Cookies<\/strong><\/p><p>This Website Will:<\/p><ul><li>Allow you to share pages with social networks such as Facebook (If available)<\/li><li>Allow you to share pages via Add This<\/li><\/ul><p><strong>This website will not<\/strong><\/p><ul><li>Share any personal information with third parties.<\/li><\/ul>","_et_gb_content_width":"","footnotes":""},"class_list":["post-238","page","type-page","status-publish","hentry"],"aioseo_notices":[],"_links":{"self":[{"href":"https:\/\/lifeworks.global\/es\/wp-json\/wp\/v2\/pages\/238","targetHints":{"allow":["GET"]}}],"collection":[{"href":"https:\/\/lifeworks.global\/es\/wp-json\/wp\/v2\/pages"}],"about":[{"href":"https:\/\/lifeworks.global\/es\/wp-json\/wp\/v2\/types\/page"}],"author":[{"embeddable":true,"href":"https:\/\/lifeworks.global\/es\/wp-json\/wp\/v2\/users\/1"}],"replies":[{"embeddable":true,"href":"https:\/\/lifeworks.global\/es\/wp-json\/wp\/v2\/comments?post=238"}],"version-history":[{"count":0,"href":"https:\/\/lifeworks.global\/es\/wp-json\/wp\/v2\/pages\/238\/revisions"}],"wp:attachment":[{"href":"https:\/\/lifeworks.global\/es\/wp-json\/wp\/v2\/media?parent=238"}],"curies":[{"name":"wp","href":"https:\/\/api.w.org\/{rel}","templated":true}]}}