{"id":221,"date":"2019-11-04T21:11:08","date_gmt":"2019-11-04T21:11:08","guid":{"rendered":"https:\/\/lifeworks.global\/?page_id=221"},"modified":"2020-06-03T17:02:28","modified_gmt":"2020-06-03T17:02:28","slug":"meeting-the-need","status":"publish","type":"page","link":"https:\/\/lifeworks.global\/es\/meeting-the-need\/","title":{"rendered":"SATISFACER LA NECESIDAD"},"content":{"rendered":"<h2><strong>La soluci\u00f3n: un enfoque de varios niveles<\/strong><\/h2>\n<p>Ahora es posible devolver la salud al suelo de forma natural y a escala global. Lifeworks Global trabaja con socios locales para brindar inversi\u00f3n, capacitaci\u00f3n y 21<sup>calle<\/sup> Tecnolog\u00eda del siglo basada en tecnolog\u00eda microbiana para comunidades necesitadas.<\/p>\n<p>Ofrecemos un doble enfoque:<\/p>\n<ul>\n<li>capacitaciones y un modelo de difusi\u00f3n<\/li>\n<li>una nueva aplicaci\u00f3n digital, FARM GENIE, para agricultores y todos los niveles de ejecuci\u00f3n de proyectos<\/li>\n<\/ul>\n<p>Brindamos conocimiento empresarial, alianzas a largo plazo y apoyo en programas de control de calidad para regenerar las econom\u00edas locales.<\/p>\n<p><strong>Beneficios clave:<\/strong><\/p>\n<ul>\n<li>El suelo recupera continuamente su salud cr\u00edtica.<\/li>\n<li>Los productos se crean y luego se ofrecen a un costo insignificante.<\/li>\n<li>El rendimiento de los cultivos aumenta significativamente en cantidad y calidad.<\/li>\n<li>Los costes de formaci\u00f3n y de producci\u00f3n futuros se mantienen bajos.<\/li>\n<li>Se genera un modelo de negocio que fortalece, empodera y desarrolla a todas y cada una de las comunidades que lo utilizan sin crear dependencia de la ayuda exterior.<\/li>\n<\/ul>\n<p>Lifeworks Global ofrece soluciones comprobadas con un alcance global. A continuaci\u00f3n se muestran ejemplos de pa\u00edses en los que operamos actualmente.<\/p>\n<p>A trav\u00e9s de nuestra organizaci\u00f3n asociada, SCAD (Cambio y Desarrollo Social), actualmente estamos implementando un programa &quot;Reverdecer la tierra&quot;, realizando pruebas agr\u00edcolas en 500 aldeas del sur de la India.<\/p>\n<h2>Ciencia, suelo y agua<\/h2>\n<p>Todos los d\u00edas, las organizaciones internacionales publican trabajos y art\u00edculos sobre los beneficios y avances en el campo de la ciencia microbiana y los suelos.<\/p>\n<p>Uno de los m\u00e1s poderosos \u00faltimamente es el de&nbsp;<strong>Scientific America, validando la abrumadora importancia y beneficio de los microbios en los suelos.<\/strong><\/p>\n<p>Lifeworks trabaja con una variedad de conceptos probados en agricultura que son f\u00e1ciles de entrenar y brindan resultados r\u00e1pidos y duraderos. Estos van desde la rotaci\u00f3n de cultivos hasta la ciencia del suelo y las buenas pr\u00e1cticas org\u00e1nicas, y la m\u00e1s interesante de ellas es la ciencia microbiana.<\/p>\n<p>Lifeworks Global financia la introducci\u00f3n inicial de estas t\u00e9cnicas con el deseo de transmitir el conocimiento para empoderar a las comunidades y los agricultores. Logramos esto brindando capacitaci\u00f3n personalizada, fomentando comunidades en l\u00ednea para continuar compartiendo conocimientos y transmitiendo referencias a fuentes cient\u00edficas para ayudar a los agricultores a profundizar sus conocimientos.<\/p>\n<p>La etapa de implementaci\u00f3n inicial incluye dos talleres de cuatro d\u00edas impartidos por nuestros especialistas. Antes de los talleres, escuchamos las necesidades de la comunidad y aprendemos sobre sus requisitos \u00fanicos de suelo y cultivos. Entonces estamos listos para brindar capacitaci\u00f3n personalizada, que en la mayor\u00eda de los casos incluye:<\/p>\n<ul>\n<li>Proporcionando una base en la agricultura sostenible.<\/li>\n<li>Compartir conocimientos previos de los productos.<\/li>\n<li>Ense\u00f1ar mejores pr\u00e1cticas para la aplicaci\u00f3n del fertilizante y compost.<\/li>\n<li>Realizaci\u00f3n de ensayos iniciales y pruebas en campo.<\/li>\n<\/ul>\n<p>El compostaje y la fertilizaci\u00f3n del suelo utilizan materiales aut\u00f3ctonos locales en lugar de depender de productos qu\u00edmicos costosos. Los agricultores que los incorporan al ciclo agr\u00edcola ven r\u00e1pidamente los beneficios de cultivos m\u00e1s sanos y productivos que conducen a una mayor seguridad alimentaria y riqueza para sus familias.<\/p>\n<div id=\"attachment_516\" style=\"width: 288px\" class=\"wp-caption alignright\"><a href=\"https:\/\/www.unhcr.org\/publications\/operations\/49d089a62\/large-ferro-cement-water-tank-design-parameters-construction-details.html\" target=\"_blank\" rel=\"noopener noreferrer\"><img loading=\"lazy\" decoding=\"async\" aria-describedby=\"caption-attachment-516\" class=\"wp-image-516 size-full\" src=\"https:\/\/lifeworks.global\/wp-content\/uploads\/2020\/01\/ferro-cement-tank.jpg\" alt=\"Ferro-cement water tank\" width=\"278\" height=\"181\"><\/a><p id=\"caption-attachment-516\" class=\"wp-caption-text\">Grandes tanques de agua para recolectar y almacenar agua.<\/p><\/div>\n<p>Despu\u00e9s de los talleres, nos mantenemos en estrecha comunicaci\u00f3n con los l\u00edderes comunitarios para discutir resultados, compartir conocimientos y responder preguntas. Este per\u00edodo generalmente dura de dos a tres meses y ayuda a generar confianza entre agricultores y agr\u00f3nomos.<\/p>\n<p>Utilizamos un modelo de formaci\u00f3n de formadores que desarrolla independencia a largo plazo y beneficios duraderos para las comunidades locales.<\/p>\n<p>Estas comunidades enfrentan muchos desaf\u00edos. Trabajamos en asociaci\u00f3n con gobiernos, agencias importantes y socios locales establecidos para ayudar a las comunidades a abordar estos problemas.<\/p>\n<div id=\"attachment_536\" style=\"width: 222px\" class=\"wp-caption alignleft\"><a href=\"https:\/\/lifeworks.global\/wp-content\/uploads\/2020\/01\/YD.FertiliserIllustrations2.pdf\" target=\"_blank\" rel=\"noopener noreferrer\"><img loading=\"lazy\" decoding=\"async\" aria-describedby=\"caption-attachment-536\" class=\"wp-image-536 size-medium\" src=\"https:\/\/lifeworks.global\/wp-content\/uploads\/2020\/01\/YD.FertiliserIllustrations2-212x300.jpg\" alt=\"Compost preparation\" width=\"212\" height=\"300\" srcset=\"https:\/\/lifeworks.global\/wp-content\/uploads\/2020\/01\/YD.FertiliserIllustrations2-212x300.jpg 212w, https:\/\/lifeworks.global\/wp-content\/uploads\/2020\/01\/YD.FertiliserIllustrations2-768x1087.jpg 768w, https:\/\/lifeworks.global\/wp-content\/uploads\/2020\/01\/YD.FertiliserIllustrations2-724x1024.jpg 724w, https:\/\/lifeworks.global\/wp-content\/uploads\/2020\/01\/YD.FertiliserIllustrations2.jpg 1652w\" sizes=\"auto, (max-width: 212px) 100vw, 212px\" \/><\/a><p id=\"caption-attachment-536\" class=\"wp-caption-text\">Ejemplo de nuestra literatura para la preparaci\u00f3n de compost.<\/p><\/div>\n<div id=\"attachment_538\" style=\"width: 222px\" class=\"wp-caption alignright\"><a href=\"https:\/\/lifeworks.global\/wp-content\/uploads\/2020\/01\/YD.LactobacillusIllustrations2.pdf\" target=\"_blank\" rel=\"noopener noreferrer\"><img loading=\"lazy\" decoding=\"async\" aria-describedby=\"caption-attachment-538\" class=\"wp-image-538 size-medium\" src=\"https:\/\/lifeworks.global\/wp-content\/uploads\/2020\/01\/YD.LactobacillusIllustrations2-212x300.jpg\" alt=\"\" width=\"212\" height=\"300\" srcset=\"https:\/\/lifeworks.global\/wp-content\/uploads\/2020\/01\/YD.LactobacillusIllustrations2-212x300.jpg 212w, https:\/\/lifeworks.global\/wp-content\/uploads\/2020\/01\/YD.LactobacillusIllustrations2-768x1087.jpg 768w, https:\/\/lifeworks.global\/wp-content\/uploads\/2020\/01\/YD.LactobacillusIllustrations2-724x1024.jpg 724w, https:\/\/lifeworks.global\/wp-content\/uploads\/2020\/01\/YD.LactobacillusIllustrations2.jpg 1652w\" sizes=\"auto, (max-width: 212px) 100vw, 212px\" \/><\/a><p id=\"caption-attachment-538\" class=\"wp-caption-text\">Ejemplo de nuestra literatura sobre fertilizantes l\u00edquidos.<\/p><\/div>\n<p>Muestras de nuestra literatura sobre mejora del suelo para <a href=\"https:\/\/lifeworks.global\/wp-content\/uploads\/2020\/01\/YD.FertiliserIllustrations2.pdf\" target=\"_blank\" rel=\"noopener noreferrer\">producci\u00f3n de fertilizantes abonos<\/a> y <a href=\"https:\/\/lifeworks.global\/wp-content\/uploads\/2020\/01\/YD.LactobacillusIllustrations2.pdf\" target=\"_blank\" rel=\"noopener noreferrer\">preparaciones l\u00edquidas de lactobacilos<\/a>.<\/p>\n<p style=\"text-align: center;\"><div class=\"su-column su-column-size-3-4\"><div class=\"su-column-inner su-u-clearfix su-u-trim\">\n<\/div><\/div>\n<p>El acceso al agua potable es una cuesti\u00f3n crucial que nuestros socios locales especializados ayudan a resolver.<\/p>\n<p>Trabajamos con agencias para brindar soluciones para agua potable y recolecci\u00f3n de agua, incluido Grifaid para filtros de agua. Con nuestros socios, brindamos capacitaci\u00f3n para construir <a href=\"https:\/\/www.unhcr.org\/publications\/operations\/49d089a62\/large-ferro-cement-water-tank-design-parameters-construction-details.html\" target=\"_blank\" rel=\"noopener noreferrer\">Tanques de agua duraderos y de bajo costo.<\/a> que recolectan agua de lluvia para beber y para la agricultura.<\/p>\n<p>Nos asociamos con agencias como <a href=\"https:\/\/lifeinabundance.org\" target=\"_blank\" rel=\"noopener noreferrer\">Vida en abundancia<\/a> que tienen una larga trayectoria ayudando a construir comunidades s\u00f3lidas y sostenibles.<\/p>\n<div class=\"h-divider\">\n<div class=\"shadow\"><\/div>\n<\/div>\n<section>\n<h2><strong>Expectativas: despu\u00e9s de una temporada<\/strong><\/h2>\n<div class=\"su-column su-column-size-1-4 featurebox-1\"><div class=\"su-column-inner su-u-clearfix su-u-trim\">\n<h2>Mayor rendimiento de los cultivos<\/h2>\n<p>Seg\u00fan los resultados de los proyectos mundiales, los agricultores pueden esperar un aumento inicial de 20 \u2013 30% en el rendimiento de los cultivos. Con el tiempo esto aumenta hasta 50%.<br \/>\n<\/div><\/div>\n<div class=\"su-column su-column-size-1-4 featurebox-2\"><div class=\"su-column-inner su-u-clearfix su-u-trim\">\n<h2>Salud animal<\/h2>\n<p>Los agricultores pueden esperar mejoras significativas en la salud animal, una reducci\u00f3n de la mortalidad y obtener un precio m\u00e1s alto por sus animales m\u00e1s sanos, as\u00ed como menores costos veterinarios. <\/div><\/div>\n<div class=\"su-column su-column-size-1-4 featurebox-2\"><div class=\"su-column-inner su-u-clearfix su-u-trim\">\n<h2>Fortaleciendo comunidad<\/h2>\n<p>La comunidad ver\u00e1 mejoras a trav\u00e9s de una mayor riqueza, oportunidades de comercio y empleo, y una mejor salud.<br \/>\n<\/div><\/div>\n<div class=\"su-column su-column-size-1-4 featurebox-2\"><div class=\"su-column-inner su-u-clearfix su-u-trim\">\n<h2>Mayores ingresos<\/h2>\n<p>Con un aumento m\u00ednimo de 50% en la germinaci\u00f3n de las semillas, una reducci\u00f3n significativa en el uso de fertilizantes y productos superiores de los agricultores con precios de mercado m\u00e1s altos, los agricultores ver\u00e1n mejorar significativamente sus ingresos.<br \/>\n<\/div><\/div>\n<\/section>\n<section>\n<h2><strong>Ampliar<\/strong><\/h2>\n<p>Cuando una comunidad est\u00e1 lista, Lifeworks Global regresa a la aldea para ayudar a ampliar los \u00e9xitos agr\u00edcolas. Trabajamos junto con agricultores y agencias asociadas para obtener y financiar la compra de fertilizantes y productos de compostaje a una tarifa fija y asequible.<\/p>\n<p>Mientras abordamos estos y otros problemas que puedan surgir durante el proceso de ampliaci\u00f3n, nos enfocamos en apoyar a la comunidad para que sea autosuficiente, lo que significa que no dependen de nosotros para su crecimiento y \u00e9xito futuros.<\/p>\n<\/section>\n<div class=\"h-divider\">\n<div class=\"shadow\"><\/div>\n<\/div>\n<section>\n<h2><strong>Beneficios secundarios<\/strong><\/h2>\n<div class=\"su-column su-column-size-1-4 featurebox-1\"><div class=\"su-column-inner su-u-clearfix su-u-trim\">\n<h2>Exceso de carbono absorbido de la atm\u00f3sfera.<\/h2>\n<p><img loading=\"lazy\" decoding=\"async\" class=\"alignnone size-full wp-image-312\" src=\"https:\/\/lifeworks.global\/wp-content\/uploads\/2019\/11\/SB_1A.jpg\" alt=\"SB_1A\" width=\"200\" height=\"121\"><br \/>\n<\/div><\/div>\n<div class=\"su-column su-column-size-1-4 featurebox-1\"><div class=\"su-column-inner su-u-clearfix su-u-trim\">\n<h2>Ciclos de nutrientes ambientales mejorados<\/h2>\n<p><img loading=\"lazy\" decoding=\"async\" class=\"alignnone size-full wp-image-313\" src=\"https:\/\/lifeworks.global\/wp-content\/uploads\/2019\/11\/SB_1B.jpg\" alt=\"SB_1B\" width=\"200\" height=\"121\"><br \/>\n<\/div><\/div>\n<div class=\"su-column su-column-size-1-4 featurebox-1\"><div class=\"su-column-inner su-u-clearfix su-u-trim\">\n<h2>Comunidades de vecinos verdes<\/h2>\n<\/div><\/div>\n<div class=\"su-column su-column-size-1-4 featurebox-1\"><div class=\"su-column-inner su-u-clearfix su-u-trim\">\n<h2>Las comunidades se empoderan<\/h2>\n<p><img loading=\"lazy\" decoding=\"async\" class=\"alignnone size-full wp-image-314\" src=\"https:\/\/lifeworks.global\/wp-content\/uploads\/2019\/11\/SB_1D.jpg\" alt=\"SB_1D\" width=\"200\" height=\"121\"><br \/>\n<\/div><\/div>\n<\/section>","protected":false},"excerpt":{"rendered":"<p>La soluci\u00f3n: Un enfoque multinivel. Ahora es posible restaurar la salud del suelo de forma natural y a escala global. Lifeworks Global trabaja con socios locales para brindar inversi\u00f3n, capacitaci\u00f3n y tecnolog\u00eda del siglo XXI basada en tecnolog\u00eda microbiana a las comunidades necesitadas. Ofrecemos un enfoque doble: capacitaci\u00f3n y [\u2026]<\/p>","protected":false},"author":1,"featured_media":0,"parent":0,"menu_order":0,"comment_status":"closed","ping_status":"open","template":"page-templates\/full-width.php","meta":{"_et_pb_use_builder":"","_et_pb_old_content":"","_et_gb_content_width":"","footnotes":""},"class_list":["post-221","page","type-page","status-publish","hentry"],"aioseo_notices":[],"_links":{"self":[{"href":"https:\/\/lifeworks.global\/es\/wp-json\/wp\/v2\/pages\/221","targetHints":{"allow":["GET"]}}],"collection":[{"href":"https:\/\/lifeworks.global\/es\/wp-json\/wp\/v2\/pages"}],"about":[{"href":"https:\/\/lifeworks.global\/es\/wp-json\/wp\/v2\/types\/page"}],"author":[{"embeddable":true,"href":"https:\/\/lifeworks.global\/es\/wp-json\/wp\/v2\/users\/1"}],"replies":[{"embeddable":true,"href":"https:\/\/lifeworks.global\/es\/wp-json\/wp\/v2\/comments?post=221"}],"version-history":[{"count":0,"href":"https:\/\/lifeworks.global\/es\/wp-json\/wp\/v2\/pages\/221\/revisions"}],"wp:attachment":[{"href":"https:\/\/lifeworks.global\/es\/wp-json\/wp\/v2\/media?parent=221"}],"curies":[{"name":"wp","href":"https:\/\/api.w.org\/{rel}","templated":true}]}}