{"id":217,"date":"2019-11-04T21:08:43","date_gmt":"2019-11-04T21:08:43","guid":{"rendered":"https:\/\/lifeworks.global\/?page_id=217"},"modified":"2023-04-04T13:29:12","modified_gmt":"2023-04-04T13:29:12","slug":"the-need","status":"publish","type":"page","link":"https:\/\/lifeworks.global\/es\/the-need\/","title":{"rendered":"El reto"},"content":{"rendered":"[et_pb_section fb_built=\u201d1\u2033 fullwidth=\u201don\u201d _builder_version=\u201d4.7.7\u2033 _module_preset=\u201ddefault\u201d global_colors_info=\u201d{}\u201d][et_pb_fullwidth_header title=\u201d@ET-DC@eyJkeW5hbWljIjp0cnVlLCJjb250ZW50IjoicG9zdF90aXR sZSIsInNldHRpbmdzIjp7ImJlZm9yZSI6IiIsImFmdGVyIjoiIn19@\u201d subhead=\u201dLos suelos se est\u00e1n degradando , los rendimientos est\u00e1n cayendo y las nuevas pr\u00e1cticas y soluciones no llegan a los peque\u00f1os agricultores\u201d text_orientation=\u201dcenter\u201d background_overlay_color=\u201drgba(0,0,0,0.09)\u201d content_max_width=\u201d51%\u201d _builder_version=\u201d4.9.0\u2033 _dynamic_attributes =\u201dtitle\u201d _module_preset=\u201ddefault\u201d title_font_size=\u201d70px\u201d content_font_size=\u201d30px\u201d subhead_text_color=\u201d#ffffff\u201d subhead_font_size=\u201d30px\u201d subhead_line_height=\u201d1.2em\u201d background_enable_color=\u201doff\u201d background_image=\u201dhttps:\/\/lifeworks.global \/wp-content\/uploads\/2020\/12\/Challenge-Page-Header.jpg\u201d min_height=\u201d350px\u201d min_height_tablet=\u201d300px\u201d min_height_phone=\u201d250px\u201d min_height_last_edited=\u201don|phone\u201d height_tablet=\u201d300px\u201d height_phone=\u201d250px \u201d height_last_edited=\u201don|phone\u201d title_font_size_tablet=\u201d47px\u201d title_font_size_phone=\u201d31px\u201d title_font_size_last_edited=\u201don|phone\u201d content_font_size_tablet=\u201d25px\u201d content_font_size_phone=\u201d17px\u201d content_font_size_last_edited=\u201don|phone\u201d subhead_font_size_tablet=\u201d23 px\u201d subhead_font_size_phone=\u201d 15px\u201d subhead_font_size_last_edited=\u201den|tel\u00e9fono\u201d custom_css_header_container=\u201dmin-width:100%;\u201d custom_css_title=\u201dpadding-top:2vw;\u201d title_text_shadow_style=\u201dpreset1\u2033 subhead_text_shadow_style=\u201dpreset1\u2033 box_shadow_style_image=\u201dpreset4\u2033 global_colors_info=\u201d{}\u201d custom_css_header_container_last_edited=\u201doff|phone\u201d custom_css_title_last_edited=\u201don|phone\u201d custom_css_content_last_edited=\u201don|desktop\u201d _container_tablet=\u201dancho m\u00ednimo:90% ;\u201d custom_css_title_phone=\u201dpadding-top:0px;\u201d custom_css_title_tablet=\u201dpadding-top:2vw;\u201d][\/et_pb_fullwidth_header][\/et_pb_section][et_pb_section fb_built=\u201d1\u2033 custom_padding_last_edited=\u201don|phone\u201d _builder_version=\u201d4.7.7\u2033 _module_preset=\u201ddefault\u201d background_color=\u201d#f8f7f5\u2033 width=\u201d100%\u201d custom_margin=\u201d0px||0px||true|false\u201d custom_padding=\u201d4vh||4vh||true|false\u201d custom_padding_tablet=\u201d0px||0px||true|false\u201d custom_padding_phone=\u201d2vh|| 2vh||true|false\u201d Animation_direction=\u201dleft\u201d global_colors_info=\u201d{}\u201d][et_pb_row make_equal=\u201don\u201d custom_padding_last_edited=\u201don|tablet\u201d _builder_version=\u201d4.7.7\u2033 _module_preset=\u201ddefault\u201d width=\u201d100%\u201d width_tablet=\u201d\u201d width_phone=\u201d100%\u201d width_last_edited=\u201don|tablet\u201d max_width=\u201d2530px\u201d custom_padding=\u201d0vh|0px|0vh|0px|true|false\u201d custom_padding_tablet=\u201d|0px||0px|true|false\u201d custom_padding_phone =\u201d0px|15px|0px|15px|true|true\u201d global_colors_info=\u201d{}\u201d][et_pb_column type=\u201d4_4\u2033 _builder_version=\u201d4.6.2\u2033 _module_preset=\u201ddefault\u201d global_colors_info=\u201d{}\u201d][et_pb_slider show_arrows =\u201doff\u201d show_pagination=\u201doff\u201d use_bg_overlay=\u201doff\u201d _builder_version=\u201d4.7.7\u2033 _module_preset=\u201ddefault\u201d header_font=\u201dOpen Sans|700|||||||\u201d header_text_align=\u201dcenter\u201d header_text_color=\u201d#745030\u2033 header_font_size=\u201d28px\u201d header_line_height=\u201d1.3em\u201d background_color=\u201d#f8f7f5\u2033 height=\u201d200px\u201d height_tablet=\u201d\u201d height_phone=\u201d210px\u201d height_last_edited=\u201don|phone\u201d custom_margin_tablet=\u201d \u201d custom_margin_phone=\u201d\u201d custom_margin_last_edited=\u201don|phone\u201d custom_padding=\u201d10px|1%|10px|1%|true|true\u201d auto=\u201don\u201d auto_speed=\u201d6000\u2033 header_font_size_tablet=\u201d26px\u201d header_font_size_phone=\u201d18px\u201d header_font_size_last_edited=\u201d on|desktop\u201d global_colors_info=\u201d{}\u201d][et_pb_slide header=\u201dUn tercio del suelo del mundo est\u00e1 degradado, seg\u00fan la Organizaci\u00f3n de las Naciones Unidas para la Agricultura y la Alimentaci\u00f3n.\u201d _builder_version=\u201d4.7.7\u2033 _module_preset=\u201ddefault\u201d global_colors_info=\u201d{}\u201d sticky_transition=\u201don\u201d][\/et_pb_slide][et_pb_slide header=\u201dEl suelo f\u00e9rtil se est\u00e1 perdiendo a un ritmo de 24 mil millones de toneladas al a\u00f1o. Si el ritmo de degradaci\u00f3n contin\u00faa, la capa superior del suelo del mundo podr\u00eda desaparecer en 60 a\u00f1os. \u201d _builder_version=\u201d4.7.7\u2033 _module_preset=\u201ddefault\u201d global_colors_info=\u201d{}\u201d sticky_transition=\u201don\u201d][\/et_pb_slide][et_pb_slide header=\u201dEn todo el mundo, los rendimientos de los cultivos est\u00e1n cayendo, junto con los niveles de nutrientes de la alimentos cultivados\u201d. _builder_version=\u201d4.7.7\u2033 _module_preset=\u201ddefault\u201d global_colors_info=\u201d{}\u201d sticky_transition=\u201don\u201d][\/et_pb_slide][et_pb_slide header=\u201dEn muchos pa\u00edses, los agricultores est\u00e1n atrapados en un ciclo da\u00f1ino, a medida que el suelo se degrada y los cultivos los rendimientos caen, se utilizan cantidades cada vez mayores de fertilizantes y pesticidas inorg\u00e1nicos. \u201d _builder_version=\u201d4.7.7\u2033 _module_preset=\u201ddefault\u201d global_colors_info=\u201d{}\u201d sticky_transition=\u201don\u201d][\/et_pb_slide][et_pb_slide header=\u201dF\u00e1cilmente disponibles, muy promocionados y abundantes, estos compuestos est\u00e1n contribuyendo a la degradaci\u00f3n del suelo \u2013 alteran los ciclos naturales de nutrientes y minerales y suprimen la biolog\u00eda natural de los suelos y la resistencia de las plantas a los pat\u00f3genos\u201d. _builder_version=\u201d4.7.7\u2033 _module_preset=\u201ddefault\u201d global_colors_info=\u201d{}\u201d sticky_transition=\u201don\u201d][\/et_pb_slide][\/et_pb_slider][\/et_pb_column][\/et_pb_row][\/et_pb_section][et_pb_section fb_built=\u201d1 \u2033 _builder_version=\u201d4.6.5\u2033 _module_preset=\u201ddefault\u201d background_enable_color=\u201doff\u201d width=\u201d100%\u201d custom_padding=\u201d2vh||2vh||true|false\u201d global_colors_info=\u201d{}\u201d][et_pb_row column_structure=\u201d1_2, 1_2\u2033 custom_padding_last_edited=\u201don|phone\u201d _builder_version=\u201d4.8.1\u2033 _module_preset=\u201ddefault\u201d width=\u201d95vw\u201d max_width=\u201d2560px\u201d custom_padding=\u201d4vh|2vw|4vh|2vw|true|true\u201d custom_padding_tablet=\u201d| 2vh||2vh|true|true\u201d custom_padding_phone=\u201d0px||0px||true|true\u201d global_colors_info=\u201d{}\u201d][et_pb_column type=\u201d1_2\u2033 _builder_version=\u201d4.7.7\u2033 _module_preset=\u201ddefault\u201d global_colors_info= \u201d{}\u201d][et_pb_image src=\u201dhttps:\/\/lifeworks.global\/wp-content\/uploads\/2020\/12\/challenge_01-optimised.jpg\u201d alt=\u201dImpacto del cambio clim\u00e1tico en la calidad del suelo\u201d title_text=\u201dImpacto de cambio clim\u00e1tico en la calidad del suelo\u201d force_fullwidth=\u201don\u201d _builder_version=\u201d4.9.0\u2033 _module_preset=\u201ddefault\u201d min_height_last_edited=\u201doff|desktop\u201d custom_margin_tablet=\u201d\u201d custom_margin_phone=\u201d\u201d custom_margin_last_edited=\u201don|desktop\u201d custom_padding=\u201d|| ||false|false\u201d custom_padding_tablet=\u201d||3vh||false|false\u201d custom_padding_phone=\u201d\u201d custom_padding_last_edited=\u201don|tablet\u201d border_color_all=\u201d#7cda24\u2033 global_colors_info=\u201d{}\u201d][\/et_pb_image][\/et_pb_column][ et_pb_column type=\u201d1_2\u2033 _builder_version=\u201d4.6.2\u2033 _module_preset=\u201ddefault\u201d global_colors_info=\u201d{}\u201d][et_pb_text _builder_version=\u201d4.8.1\u2033 _module_preset=\u201ddefault\u201d text_font_size=\u201d22px\u201d text_line_height=\u201d1.3em\u201d header_2_font_size=\u201d58px\u201d header_2_line_height=\u201d1.5em\u201d header_3_font_size=\u201d40px\u201d custom_margin_tablet=\u201d|0vw||0vw|false|true\u201d custom_margin_phone=\u201d|0vw||0vw|false|false\u201d custom_margin_last_edited=\u201don|phone\u201d custom_padding_tablet =\u201d\u201d custom_padding_phone=\u201d\u201d custom_padding_last_edited=\u201den|tel\u00e9fono\u201d text_font_size_tablet=\u201d\u201d text_font_size_phone=\u201d18px\u201d text_font_size_last_edited=\u201den|tel\u00e9fono\u201d text_letter_spacing_tablet=\u201d\u201d text_letter_spacing_phone=\u201d\u201d text_letter_spacing_last_edited=\u201den|tel\u00e9fono header_2_ font_size_tablet=\u201d\u201d header_2_font_size_phone =\u201d30px\u201d header_2_font_size_last_edited=\u201den|tel\u00e9fono\u201d global_colors_info=\u201d{}\u201d]\n<h2>Impacto en los agricultores<\/h2>\n<p>El cambio clim\u00e1tico, el agotamiento del suelo y la erosi\u00f3n significan que los peque\u00f1os agricultores enfrentan desaf\u00edos cada vez mayores. Muchos de ellos reciben muy poca o ninguna asistencia o formaci\u00f3n.<\/p>\n<p>Los agr\u00f3nomos encargados de ayudarlos carecen de recursos y est\u00e1n sobrecargados de trabajo. Los fondos disponibles se gastan en gran medida en semillas y fertilizantes, dejando muy poco para la capacitaci\u00f3n para ayudar a los agricultores.<\/p>\n[\/et_pb_text][\/et_pb_column][\/et_pb_row][\/et_pb_section][et_pb_section fb_built=\u201d1\u2033 custom_padding_last_edited=\u201don|phone\u201d _builder_version=\u201d4.6.5\u2033 _module_preset=\u201ddefault\u201d background_color=\u201d#f8f7f5\u2033 width=\u201d 100%\u201d custom_padding=\u201d2vh||2vh||true|false\u201d custom_padding_tablet=\u201d0px||0px||true|false\u201d custom_padding_phone=\u201d2vh||2vh||true|false\u201d global_colors_info=\u201d{}\u201d][et_pb_row column_structure=\u201d1_2,1_2\u2033 make_equal=\u201don\u201d custom_padding_last_edited=\u201don|phone\u201d _builder_version=\u201d4.7.7\u2033 _module_preset=\u201ddefault\u201d width=\u201d95vw\u201d max_width=\u201d2560px\u201d custom_padding=\u201d4vh|2vw|4vh| 2vw|true|true\u201d custom_padding_tablet=\u201d||||true|true\u201d custom_padding_phone=\u201d0px|2vw|0px|2vw|true|true\u201d global_colors_info=\u201d{}\u201d][et_pb_column type=\u201d1_2\u2033 _builder_version=\u201d4.6 .2\u2033 _module_preset=\u201ddefault\u201d global_colors_info=\u201d{}\u201d][et_pb_text _builder_version=\u201d4.9.0\u2033 _module_preset=\u201ddefault\u201d text_font_size=\u201d22px\u201d text_line_height=\u201d1.3em\u201d header_2_font_size=\u201d51px\u201d header_2_line_height=\u201d1.5em \u201d custom_margin_tablet=\u201d|0vw|4vh|0vw|false|true\u201d custom_margin_phone=\u201d|0vw||0vw|false|false\u201d custom_margin_last_edited=\u201den|tel\u00e9fono\u201d custom_padding_tablet=\u201d\u201d custom_padding_phone=\u201d\u201d custom_padding_last_edited=\u201den|tel\u00e9fono\u201d text_font_size_tablet=\u201d\u201d text_font_size_phone=\u201d18px\u201d text_font_size_last_edited=\u201don|phone\u201d text_letter_spacing_tablet=\u201d\u201d text_letter_spacing_phone=\u201d\u201d text_letter_spacing_last_edited=\u201don|phone\u201d header_2_font_size_tablet=\u201d\u201d header_2_font_size_phone=\u201d30px\u201d 2_font_size_last_edited=\u201den|tel\u00e9fono\u201d global_colors_info=\u201d {}\u201d]\n<h2>Un cient\u00edfico del suelo explica<\/h2>\n<p>Dra. Elaine Ingham de la <a href=\"https:\/\/rodaleinstitute.org\/\" target=\"_blank\" rel=\"noopener noreferrer\">Instituto Rodale en Pensilvania<\/a> es un defensor del m\u00e9todo de compostaje en caliente de Berkeley. Aqu\u00ed explica qu\u00e9 le ha pasado al suelo y c\u00f3mo solucionarlo.<\/p>\n[\/et_pb_text][\/et_pb_column][et_pb_column type=\u201d1_2\u2033 _builder_version=\u201d4.6.2\u2033 _module_preset=\u201ddefault\u201d global_colors_info=\u201d{}\u201d][et_pb_video src=\u201dhttps:\/\/youtu.be\/GEtl09VZiSU\u201d image_src =\u201dhttps:\/\/lifeworks.global\/wp-content\/uploads\/2021\/01\/Elaine-Ingham-Video-Cover3.jpg\u201d thumbnail_overlay_color=\u201drgba(0,0,0,0.6)\u201d _builder_version=\u201d4.9.0 \u2033 _module_preset=\u201ddefault\u201d custom_padding=\u201d|||0px||\u201d global_colors_info=\u201d{}\u201d][\/et_pb_video][\/et_pb_column][\/et_pb_row][\/et_pb_section]","protected":false},"excerpt":{"rendered":"<p>Impacto en los agricultores El cambio clim\u00e1tico, el agotamiento del suelo y la erosi\u00f3n significan que los peque\u00f1os agricultores enfrentan desaf\u00edos cada vez mayores. Muchos de ellos reciben muy poca o ninguna asistencia o formaci\u00f3n. Los agr\u00f3nomos encargados de ayudarlos carecen de recursos y est\u00e1n sobrecargados de trabajo. La financiaci\u00f3n disponible se gasta en gran medida en semillas y fertilizantes, dejando muy poco para la formaci\u00f3n que ayude a los agricultores. Un suelo [\u2026]<\/p>","protected":false},"author":1,"featured_media":0,"parent":0,"menu_order":0,"comment_status":"closed","ping_status":"open","template":"","meta":{"_et_pb_use_builder":"on","_et_pb_old_content":"<h2><em>Realising the potential\u2026<\/em><\/h2>\r\n<h2 style=\"text-align: center;\"><strong>The Challenge: Barren Land<\/strong><\/h2>\r\nSoil fertility is critical to crop health and has been on the decline for decades. Much of the world\u2019s soil has become devoid of the microorganisms essential in creating organic mineral complexes that make the soil \u2018healthy\u2019.\u00a0Chemical fertiliser is not recommended. Harmful chemicals applied to the soil, including pesticides, herbicides and ammonium-based fertilizers, as well as damaging agriculture practices like cash crop farming, monocropping, intensive ploughing, and the introduction of genetically modified organisms (GMO\u2019s), have all played their part in the soil\u2019s destruction.\r\n\r\nCommercial fertilisers no longer provide a viable solution to bringing the soil back to health. With natural sources of phosphorous being depleted, the cost of its production becomes unaffordable to those who need it most alongside not providing vital nutrition for the soil to replenish.\r\n<h2>The situation...<\/h2>\r\n<ul>\r\n \t<li>Many small farmers receive very little - if any - assistance or training.<\/li>\r\n \t<li>Experts are beset by the paperwork required to evaluate their current work, reducing their ability to work directly with growers.<\/li>\r\n \t<li>Given climate change, soil depletion and erosion, getting best practice in the field is a daunting challenge.<\/li>\r\n \t<li>The funding that is available is largely spent on seeds and fertiliser, leaving very little for training to help farmers bridge their lack of farming skills.<\/li>\r\n \t<li>Small farmers are suffering from very low yields.<\/li>\r\n<\/ul>","_et_gb_content_width":"","footnotes":""},"class_list":["post-217","page","type-page","status-publish","hentry"],"aioseo_notices":[],"_links":{"self":[{"href":"https:\/\/lifeworks.global\/es\/wp-json\/wp\/v2\/pages\/217","targetHints":{"allow":["GET"]}}],"collection":[{"href":"https:\/\/lifeworks.global\/es\/wp-json\/wp\/v2\/pages"}],"about":[{"href":"https:\/\/lifeworks.global\/es\/wp-json\/wp\/v2\/types\/page"}],"author":[{"embeddable":true,"href":"https:\/\/lifeworks.global\/es\/wp-json\/wp\/v2\/users\/1"}],"replies":[{"embeddable":true,"href":"https:\/\/lifeworks.global\/es\/wp-json\/wp\/v2\/comments?post=217"}],"version-history":[{"count":8,"href":"https:\/\/lifeworks.global\/es\/wp-json\/wp\/v2\/pages\/217\/revisions"}],"predecessor-version":[{"id":2854,"href":"https:\/\/lifeworks.global\/es\/wp-json\/wp\/v2\/pages\/217\/revisions\/2854"}],"wp:attachment":[{"href":"https:\/\/lifeworks.global\/es\/wp-json\/wp\/v2\/media?parent=217"}],"curies":[{"name":"wp","href":"https:\/\/api.w.org\/{rel}","templated":true}]}}