{"id":1434,"date":"2020-12-16T12:39:55","date_gmt":"2020-12-16T12:39:55","guid":{"rendered":"https:\/\/lifeworks.global\/?page_id=1434"},"modified":"2023-12-11T10:24:02","modified_gmt":"2023-12-11T10:24:02","slug":"the-science","status":"publish","type":"page","link":"https:\/\/lifeworks.global\/es\/the-science\/","title":{"rendered":"La ciencia"},"content":{"rendered":"[et_pb_section fb_built=\u201d1\u2033 fullwidth=\u201don\u201d _builder_version=\u201d4.7.7\u2033 _module_preset=\u201ddefault\u201d global_colors_info=\u201d{}\u201d][et_pb_fullwidth_header title=\u201d@ET-DC@eyJkeW5hbWljIjp0cnVlLCJjb250ZW50IjoicG9zdF90aXR sZSIsInNldHRpbmdzIjp7ImJlZm9yZSI6IiIsImFmdGVyIjoiIn19@\u201d subhead=\u201dMicroorganismos, los fuente de toda la vida en la Tierra, est\u00e1n siendo destruidos por los m\u00e9todos agr\u00edcolas modernos. Est\u00e1 en marcha una revoluci\u00f3n cient\u00edfica que reintroduce microbios esenciales y restaura la salud del suelo\u201d text_orientation=\u201dcenter\u201d background_overlay_color=\u201drgba(0,0,0,0.3)\u201d content_max_width=\u201d51%\u201d subhead_tablet=\u201dMicroorganismos, fuente de toda vida en la tierra, est\u00e1n siendo destruidos por los m\u00e9todos agr\u00edcolas modernos. Est\u00e1 en marcha una revoluci\u00f3n cient\u00edfica que reintroduce microbios esenciales y restaura los suelos\u201d subhead_phone=\u201dLos m\u00e9todos agr\u00edcolas modernos est\u00e1n destruyendo los microorganismos, fuente de toda la vida en la Tierra. Una revoluci\u00f3n cient\u00edfica est\u00e1 en marcha, reintroduciendo microbios esenciales y restaurando suelos\u201d subhead_last_edited=\u201don|phone\u201d content_max_width_tablet=\u201d\u201d content_max_width_phone=\u201d100%\u201d content_max_width_last_edited=\u201don|phone\u201d _builder_version=\u201d4.14.7\u2033 _dynamic_attributes=\u201dtitle\u201d _module_preset= \u201cpredeterminado\u201d title_font_size=\u201d70px\u201d content_font_size=\u201d26px\u201d subhead_text_color=\u201d#ffffff\u201d subhead_font_size=\u201d30px\u201d subhead_line_height=\u201d1.2em\u201d background_enable_color=\u201doff\u201d background_image=\u201dhttps:\/\/lifeworks.global\/wp-content\/uploads \/2020\/12\/science_header_optimised.jpg\u201d background_position=\u201dbottom_center\u201d min_height=\u201d350px\u201d min_height_tablet=\u201d300px\u201d min_height_phone=\u201d250px\u201d min_height_last_edited=\u201don|phone\u201d height_tablet=\u201d300px\u201d height_phone=\u201d250px\u201d height_last_edited=\u201don |tel\u00e9fono\u201d custom_padding=\u201d10px||||false|false\u201d hover_enabled=\u201d0\u2033 title_font_size_tablet=\u201d47px\u201d title_font_size_phone=\u201d31px\u201d title_font_size_last_edited=\u201don|phone\u201d content_font_size_tablet=\u201d25px\u201d content_font_size_phone=\u201d17px\u201d content_font_size_last_edited=\u201d en|tel\u00e9fono\u201d subhead_font_size_tablet=\u201d23px\u201d subhead_font_size_phone=\u201d15px\u201d subhead_font_size_last_edited=\u201den|tel\u00e9fono\u201d custom_css_header_container=\u201dmin-width:100%;\u201d custom_css_title=\u201dpadding-top:2vw;\u201d custom_css_subtitle=\u201dancho\u201d title_text_shadow_style=\u201dpreset1\u2033 subhead_text_shadow_style=\u201dpreset1\u2033 box_shadow_style_image=\u201dpreset4\u2033 global_colors_info=\u201d{}\u201d custom_css_header_container_last_edited=\u201den|tableta\u201d custom_css_title_last_edited=\u201den|tel\u00e9fono\u201d custom_css_content_last_edited= \u201den|escritorio\u201d custom_css_header_container_tablet=\u201d ancho m\u00ednimo: 90%;\u201d custom_css_subtitle__hover_enabled=\u201den|escritorio\u201d custom_css_subtitle_last_edited=\u201den|tel\u00e9fono\u201d custom_css_subtitle_phone=\u201dpadding:0px;\u201d sticky_enabled=\u201d0\u2033 custom_css_header_container_phone=\u201dmin-width:90%;\u201d custom_css_title_tablet=\u201dpadding-top:2vw;\u201d custom_css_title_phone=\u201dpadding-top:2vw;\u201d custom_css_subtitle__hover=\u201dancho\u201d custom_css_subtitle_tablet=\u201dancho\u201d][\/et_pb_fullwidth_header][\/et_pb_section][et_pb_section fb_built=\u201d1\u2033 custom_padding_last_edited=\u201don|phone\u201d _builder_version=\u201d4.7.7\u2033 _module_preset=\u201dback_color=\u201d#f 8f7f5\u2033 width=\u201d100%\u201d custom_padding=\u201d2vh||2vh||true|false\u201d custom_padding_tablet=\u201d0px||0px||true|false\u201d custom_padding_phone=\u201d2vh||2vh||true|false\u201d global_colors_info=\u201d{}\u201d ][et_pb_row column_structure=\u201d1_2,1_2\u2033 custom_padding_last_edited=\u201don|phone\u201d _builder_version=\u201d4.8.1\u2033 _module_preset=\u201ddefault\u201d width=\u201d95vw\u201d max_width=\u201d2560px\u201d custom_padding=\u201d4vh|2vh|4vh|2vh| verdadero|verdadero\u201d custom_padding_tablet=\u201d||||verdadero|verdadero\u201d custom_padding_phone=\u201d0px|2vh|0px|2vh|verdadero|verdadero\u201d global_colors_info=\u201d{}\u201d][et_pb_column type=\u201d1_2\u2033 _builder_version=\u201d4.6.2 \u2033 _module_preset=\u201ddefault\u201d global_colors_info=\u201d{}\u201d][et_pb_text _builder_version=\u201d4.8.2\u2033 _module_preset=\u201ddefault\u201d text_font_size=\u201d22px\u201d text_line_height=\u201d1.3em\u201d header_2_font_size=\u201d58px\u201d header_2_line_height=\u201d1.5em\u201d custom_margin_tablet =\u201d|0vw|2vh|0vw|false|true\u201d custom_margin_phone=\u201d|0vw|4vh|0vw|false|false\u201d custom_margin_last_edited=\u201don|phone\u201d custom_padding_tablet=\u201d\u201d custom_padding_phone=\u201d\u201d custom_padding_last_edited=\u201don|phone\u201d hover_enabled =\u201d0\u2033 text_font_size_tablet=\u201d\u201d text_font_size_phone=\u201d18px\u201d text_font_size_last_edited=\u201don|phone\u201d text_letter_spacing_tablet=\u201d\u201d text_letter_spacing_phone=\u201d\u201d text_letter_spacing_last_edited=\u201don|phone\u201d header_2_font_size_tablet=\u201d\u201d header_2_font_size_phone=\u201d30 px\u201d header_2_font_size_last_edited=\u201den|tel\u00e9fono \u201dglobal_colors_info=\u201d{}\u201d sticky_enabled=\u201d0\u2033]\n<h2>Una revoluci\u00f3n silenciosa<\/h2>\n<p>Durante los \u00faltimos 20 a\u00f1os, se ha producido una revoluci\u00f3n silenciosa en laboratorios, institutos de investigaci\u00f3n y comunidades agr\u00edcolas innovadoras.<\/p>\n<p>As\u00ed como nuestra creciente comprensi\u00f3n del microbioma humano est\u00e1 revolucionando la medicina, lo mismo est\u00e1 sucediendo en la agricultura.<\/p>\n<p>Cient\u00edficos de todo el mundo est\u00e1n estudiando el poder de los microorganismos naturales para mejorar la salud del suelo, reducir la erosi\u00f3n y la contaminaci\u00f3n de las aguas subterr\u00e1neas y aumentar el rendimiento de las plantas y la resistencia a los pat\u00f3genos.<\/p>\n[\/et_pb_text][\/et_pb_column][et_pb_column type=\u201d1_2\u2033 _builder_version=\u201d4.6.2\u2033 _module_preset=\u201ddefault\u201d global_colors_info=\u201d{}\u201d][et_pb_image src=\u201dhttps:\/\/lifeworks.global\/wp-content \/uploads\/2020\/12\/science_01_small_optimised.jpg\u201d alt=\u201dCient\u00edfico microbiomal con muestras de suelo\u201d title_text=\u201dCient\u00edfico microbiomal con muestras de suelo\u201d force_fullwidth=\u201don\u201d _builder_version=\u201d4.9.0\u2033 _module_preset=\u201ddefault\u201d min_height_last_edited=\u201doff |escritorio\u201d custom_margin=\u201d||||false|false\u201d custom_margin_tablet=\u201d||5vh||false|false\u201d custom_margin_phone=\u201d\u201d custom_margin_last_edited=\u201den|tel\u00e9fono\u201d custom_padding=\u201d||||false|false\u201d border_color_all= \u201d#7cda24\u2033 global_colors_info=\u201d{}\u201d][\/et_pb_image][\/et_pb_column][\/et_pb_row][\/et_pb_section][et_pb_section fb_built=\u201d1\u2033 fullwidth=\u201don\u201d custom_padding_last_edited=\u201doff|desktop\u201d _builder_version=\u201d4.9. 0\u2033 _module_preset=\u201ddefault\u201d custom_padding=\u201d||||false|false\u201d custom_padding_phone=\u201d0px||0px||false|false\u201d global_colors_info=\u201d{}\u201d][et_pb_fullwidth_header title=\u201dEl poder de los microbios\u201d background_overlay_color= \u201drgba(105,189,69,0.77)\u201d _builder_version=\u201d4.14.7\u2033 _module_preset=\u201ddefault\u201d title_level=\u201dh2\u2033 title_text_align=\u201dleft\u201d title_font_size=\u201d58px\u201d content_text_align=\u201dleft\u201d content_text_color=\u201d#ffffff\u201d content_font_size=\u201d 22px\u201d content_line_height=\u201d1.3em\u201d background_enable_color=\u201doff\u201d background_image=\u201dhttps:\/\/lifeworks.global\/wp-content\/uploads\/2020\/12\/bacteria-monochrome.jpg\u201d custom_padding=\u201d|0px||0px|false |false\u201d custom_padding_tablet=\u201d\u201d custom_padding_phone=\u201d0px||0px||false|false\u201d custom_padding_last_edited=\u201don|phone\u201d hover_enabled=\u201d0\u2033 content_font_size_tablet=\u201d\u201d content_font_size_phone=\u201d18px\u201d content_font_size_last_edited=\u201don|phone\u201d global_colors_info= \u201d{}\u201d sticky_enabled=\u201d0\u2033]\n<p>El uso excesivo de pesticidas, fertilizantes qu\u00edmicos y antibi\u00f3ticos ha desequilibrado nuestro medio ambiente. Ahora, las preparaciones microbianas elaboradas f\u00e1cilmente a partir de ingredientes naturales pueden restaurar la diversidad de microorganismos en el suelo.<\/p>\n<p>&nbsp;<\/p>\n<p>Se puede preparar abono rico en lactobacilos y otros microbios beneficiosos a partir de materia vegetal compostada, desechos de alimentos, excrementos de animales, melaza, leche y arroz. Esto aumenta la formaci\u00f3n de humus y reduce la erosi\u00f3n.<\/p>\n<p>&nbsp;<\/p>\n<p>Puede usarse para mejorar la germinaci\u00f3n de las semillas cuando se remojan previamente en suero diluido durante la noche antes de plantar, adem\u00e1s de servir como bioestimulantes para mejorar el vigor del crecimiento, la productividad y los rendimientos generales. Tambi\u00e9n se puede rociar sobre las plantas para mantener a raya enfermedades e insectos, e incluso para limpiar letrinas.<\/p>\n[\/et_pb_fullwidth_header][\/et_pb_section][et_pb_section fb_built=\u201d1\u2033 _builder_version=\u201d4.7.7\u2033 _module_preset=\u201ddefault\u201d background_color=\u201d#f8f7f5\u2033 width=\u201d100%\u201d custom_padding=\u201d2vh||2vh||true|false\u201d global_colors_info=\u201d{}\u201d][et_pb_row column_structure=\u201d1_2,1_2\u2033 custom_padding_last_edited=\u201don|phone\u201d _builder_version=\u201d4.8.1\u2033 _module_preset=\u201ddefault\u201d width=\u201d95vw\u201d max_width=\u201d2560px\u201d custom_padding=\u201d4vh| 2vh|4vh|2vh|true|true\u201d custom_padding_tablet=\u201d||||true|true\u201d custom_padding_phone=\u201d0px|2vh|0px|2vh|true|true\u201d global_colors_info=\u201d{}\u201d][et_pb_column type=\u201d1_2\u2033 _builder_version=\u201d4.6.2\u2033 _module_preset=\u201ddefault\u201d global_colors_info=\u201d{}\u201d][et_pb_image src=\u201dhttps:\/\/lifeworks.global\/wp-content\/uploads\/2020\/12\/science_supporting-image.jpg\u201d alt= \u201dPrimer plano de microbios bajo un microscopio\u201d title_text=\u201dPrimer plano de microbios bajo un microscopio\u201d force_fullwidth=\u201don\u201d _builder_version=\u201d4.9.0\u2033 _module_preset=\u201ddefault\u201d min_height_last_edited=\u201doff|desktop\u201d custom_margin=\u201d| |||false|false\u201d custom_margin_tablet=\u201d||5vh||false|false\u201d custom_margin_phone=\u201d\u201d custom_margin_last_edited=\u201don|phone\u201d custom_padding=\u201d||||false|false\u201d border_color_all=\u201d#7cda24\u2033 global_colors_info=\u201d{ }\u201d][\/et_pb_image][\/et_pb_column][et_pb_column type=\u201d1_2\u2033 _builder_version=\u201d4.6.2\u2033 _module_preset=\u201ddefault\u201d global_colors_info=\u201d{}\u201d][et_pb_text _builder_version=\u201d4.9.0\u2033 _module_preset=\u201ddefault \u201d text_font_size=\u201d22px\u201d text_line_height=\u201d1.3em\u201d header_2_font_size=\u201d58px\u201d header_2_line_height=\u201d1.2em\u201d custom_margin_tablet=\u201d|0vw|2vh|0vw|false|true\u201d custom_margin_phone=\u201d|0vw|4vh|0vw|false|false \u201d custom_margin_last_edited=\u201den|tel\u00e9fono\u201d custom_padding_tablet=\u201d\u201d custom_padding_phone=\u201d\u201d custom_padding_last_edited=\u201den|tel\u00e9fono\u201d text_font_size_tablet=\u201d\u201d text_font_size_phone=\u201d18px\u201d text_font_size_last_edited=\u201den|tel\u00e9fono\u201d text_letter_spacing_tablet=\u201d\u201d text_letter_spacing_phone=\u201d \u201dtext_letter_spacing_last_edited=\u201d en|tel\u00e9fono\u201d header_2_font_size_tablet=\u201d\u201d header_2_font_size_phone=\u201d30px\u201d header_2_font_size_last_edited=\u201den|tel\u00e9fono\u201d global_colors_info=\u201d{}\u201d]\n<h2>Una soluci\u00f3n para ayudar a las comunidades a prosperar<\/h2>\n<p>Lifeworks ha desarrollado programas de capacitaci\u00f3n y apoyo relacionado en torno a la preparaci\u00f3n de suero de lactobacillus y una variedad de otras mezclas microbianas para mejorar la agricultura.<\/p>\n<p>Este enfoque es sostenible y eficaz. La tecnolog\u00eda microbiana es gratuita y es algo de lo que todos los agricultores y todas las comunidades pueden beneficiarse.<\/p>\n<p>En las comunidades apoyadas por Lifeworks, vemos que el impacto se propaga a medida que los agricultores capacitan a otros agricultores y el aumento de los rendimientos primero cambia las vidas de familias individuales y luego transforma comunidades enteras.<\/p>\n[\/et_pb_text][\/et_pb_column][\/et_pb_row][\/et_pb_section][et_pb_section fb_built=\u201d1\u2033 _builder_version=\u201d4.7.7\u2033 _module_preset=\u201ddefault\u201d global_colors_info=\u201d{}\u201d][et_pb_row custom_padding_last_edited=\u201don|tablet \u201d _builder_version=\u201d4.7.7\u2033 _module_preset=\u201ddefault\u201d width=\u201d100%\u201d max_width=\u201d1401px\u201d custom_padding=\u201d|4vw||4vw|false|true\u201d custom_padding_tablet=\u201d\u201d custom_padding_phone=\u201d\u201d global_colors_info=\u201d{}\u201d ][et_pb_column type=\u201d4_4\u2033 _builder_version=\u201d4.7.7\u2033 _module_preset=\u201ddefault\u201d global_colors_info=\u201d{}\u201d][et_pb_text _builder_version=\u201d4.8.2\u2033 _module_preset=\u201ddefault\u201d text_font=\u201d|600|||| |||\u201d text_font_size=\u201d22px\u201d text_line_height=\u201d1.5em\u201d header_font_size=\u201d58px\u201d header_2_text_align=\u201dcenter\u201d header_2_font_size=\u201d58px\u201d header_2_line_height=\u201d1.5em\u201d text_orientation=\u201dcenter\u201d text_font_size_tablet=\u201d\u201d text_font_size_phone=\u201d18px\u201d text_font_size_last_edited =\u201dencendido |tel\u00e9fono\u201d global_colors_info=\u201d{}\u201d]\n<h2>Los resultados<\/h2>\n<p>Despu\u00e9s de nuestras capacitaciones en tecnolog\u00eda microbiana, los agricultores informan un aumento en el rendimiento de los cultivos de entre 50% y 150%. Investigaciones recientes muestran que los microbios del suelo ayudan a que las plantas sean m\u00e1s resistentes a enfermedades agresivas.<\/p>\n<p>Las tasas de germinaci\u00f3n de las semillas tambi\u00e9n mejoran y el uso de fertilizantes qu\u00edmicos disminuye. Los ganaderos ven una mejor salud animal, menores costos veterinarios y mortalidad, y precios m\u00e1s altos.<\/p>\n[\/et_pb_text][\/et_pb_column][\/et_pb_row][\/et_pb_section][et_pb_section fb_built=\u201d1\u2033 fullwidth=\u201don\u201d _builder_version=\u201d4.7.7\u2033 _module_preset=\u201ddefault\u201d custom_padding=\u201d||||true|false \u201d global_colors_info=\u201d{}\u201d][et_pb_fullwidth_header title=\u201dV\u00eddeos\u201d text_orientation=\u201dcenter\u201d _builder_version=\u201d4.7.7\u2033 _module_preset=\u201ddefault\u201d title_level=\u201dh2\u2033 title_font_size=\u201d58px\u201d custom_padding=\u201d0px||0px| |true|false\u201d global_colors_info=\u201d{}\u201d][\/et_pb_fullwidth_header][\/et_pb_section][et_pb_section fb_built=\u201d1\u2033 custom_padding_last_edited=\u201don|phone\u201d _builder_version=\u201d4.7.7\u2033 _module_preset=\u201ddefault\u201d background_color=\u201d#f8f7f5 \u2033 ancho=\u201d100%\u201d custom_padding=\u201d2vh||2vh||true|false\u201d custom_padding_tablet=\u201d0px||0px||true|false\u201d custom_padding_phone=\u201d2vh||2vh||true|false\u201d global_colors_info=\u201d{} \u201d][et_pb_row column_structure=\u201d1_2,1_2\u2033 custom_padding_last_edited=\u201don|phone\u201d _builder_version=\u201d4.8.1\u2033 _module_preset=\u201ddefault\u201d width=\u201d95vw\u201d max_width=\u201d2560px\u201d custom_padding=\u201d4vh|2vh|4vh|2vh |true|true\u201d custom_padding_tablet=\u201d||||true|true\u201d custom_padding_phone=\u201d0px|2vh|0px|2vh|true|true\u201d global_colors_info=\u201d{}\u201d][et_pb_column type=\u201d1_2\u2033 _builder_version=\u201d4.6. 2\u2033 _module_preset=\u201ddefault\u201d global_colors_info=\u201d{}\u201d][et_pb_text _builder_version=\u201d4.8.2\u2033 _module_preset=\u201ddefault\u201d text_font_size=\u201d22px\u201d text_line_height=\u201d1.3em\u201d header_2_font_size=\u201d58px\u201d header_2_line_height=\u201d1.5em\u201d custom_margin_tablet=\u201d|0vw|2vh|0vw|false|true\u201d custom_margin_phone=\u201d|0vw|4vh|0vw|false|false\u201d custom_margin_last_edited=\u201den|tel\u00e9fono\u201d custom_padding_tablet=\u201d\u201d custom_padding_phone=\u201d\u201d custom_padding_last_edited=\u201den|tel\u00e9fono\u201d text_font_size_tablet=\u201d\u201d text_font_size_phone=\u201d18px\u201d text_font_size_last_edited=\u201don|phone\u201d text_letter_spacing_tablet=\u201d\u201d text_letter_spacing_phone=\u201d\u201d text_letter_spacing_last_edited=\u201don|phone\u201d header_2_font_size_tablet=\u201d\u201d header_2_font_size_phone=\u201d30px\u201d 2_font_size_last_edited=\u201den|tel\u00e9fono\u201d global_colors_info=\u201d {}\u201d]\n<h2>tecnolog\u00eda microbiana<\/h2>\n<p>En este video, <a href=\"https:\/\/lifeworks.global\/es\/about-lifeworks-global\/\">Pablo Manweiler<\/a>, fundador de Lifeworks Global, presenta la ciencia microbiana y describe la visi\u00f3n que impulsa su trabajo.<\/p>\n<p>Describe c\u00f3mo la aplicaci\u00f3n de esta tecnolog\u00eda puede revolucionar la agricultura: restaurar la salud del suelo, producir mayores rendimientos de alimentos de alta calidad y desarrollar resiliencia al cambio clim\u00e1tico.<\/p>\n[\/et_pb_text][\/et_pb_column][et_pb_column type=\u201d1_2\u2033 _builder_version=\u201d4.6.2\u2033 _module_preset=\u201ddefault\u201d global_colors_info=\u201d{}\u201d][et_pb_video src=\u201dhttps:\/\/www.youtube.com\/watch ?v=P_w-m1op5TU&amp;feature=emb_logo\u201d image_src=\u201dhttps:\/\/lifeworks.global\/wp-content\/uploads\/2020\/12\/bacteria-monochrome.jpg\u201d thumbnail_overlay_color=\u201drgba(0,0,0,0)\u201d _builder_version=\u201d4.7.7\u2033 _module_preset=\u201ddefault\u201d background_color=\u201d#ffffff\u201d custom_padding=\u201d|||3px||\u201d global_colors_info=\u201d{}\u201d][\/et_pb_video][\/et_pb_column][\/et_pb_row][\/et_pb_section][et_pb_section fb_built=\u201d1\u2033 _builder_version=\u201d4.7.7\u2033 _module_preset=\u201ddefault\u201d background_enable_color=\u201doff\u201d width=\u201d 100%\u201d custom_padding=\u201d2vh||2vh||true|false\u201d global_colors_info=\u201d{}\u201d][et_pb_row column_structure=\u201d1_2,1_2\u2033 custom_padding_last_edited=\u201don|phone\u201d _builder_version=\u201d4.8.1\u2033 _module_preset=\u201ddefault\u201d width=\u201d95vw\u201d max_width=\u201d2560px\u201d custom_padding=\u201d4vh|2vh|4vh|2vh|true|true\u201d custom_padding_tablet=\u201d||||true|true\u201d custom_padding_phone=\u201d0px|2vh|0px|2vh|true|true \u201d global_colors_info=\u201d{}\u201d][et_pb_column type=\u201d1_2\u2033 _builder_version=\u201d4.6.2\u2033 _module_preset=\u201ddefault\u201d global_colors_info=\u201d{}\u201d][et_pb_video src=\u201dhttps:\/\/www.youtube.com\/watch ?v=g9ssyPkvl60&amp;feature=emb_logo\u201d image_src=\u201dhttps:\/\/lifeworks.global\/wp-content\/uploads\/2021\/01\/science_02-optimised-flipped.jpg\u201d thumbnail_overlay_color=\u201drgba(0,0,0,0.6)\u201d _builder_version=\u201d4.8.1\u2033 _module_preset=\u201ddefault\u201d global_colors_info=\u201d{}\u201d][\/et_pb_video][\/et_pb_column][et_pb_column type=\u201d1_2\u2033 _builder_version=\u201d4.6.2\u2033 _module_preset=\u201ddefault\u201d global_colors_info=\u201d{ }\u201d][et_pb_text _builder_version=\u201d4.8.1\u2033 _module_preset=\u201ddefault\u201d text_font_size=\u201d22px\u201d text_line_height=\u201d1.3em\u201d header_2_font_size=\u201d58px\u201d header_2_line_height=\u201d1.2em\u201d custom_margin=\u201d4vh||4vh||true| true\u201d custom_margin_tablet=\u201d|0vw|2vh|0vw|false|true\u201d custom_margin_phone=\u201d4vh|0vw|4vh|0vw|true|false\u201d custom_margin_last_edited=\u201don|phone\u201d custom_padding_tablet=\u201d\u201d custom_padding_phone=\u201d\u201d custom_padding_last_edited=\u201don |tel\u00e9fono\u201d text_font_size_tablet=\u201d\u201d text_font_size_phone=\u201d18px\u201d text_font_size_last_edited=\u201don|phone\u201d text_letter_spacing_tablet=\u201d\u201d text_letter_spacing_phone=\u201d\u201d text_letter_spacing_last_edited=\u201don|phone\u201d header_2_font_size_tablet=\u201d\u201d header_2_font_size_phone=\u201d30px \u201d header_2_font_size_last_edited=\u201den|tel\u00e9fono\u201d global_colors_info=\u201d{}\u201d]\n<h2>En armon\u00eda con el mundo microbiano.<\/h2>\n<p>Este v\u00eddeo detalla c\u00f3mo y por qu\u00e9 las tecnolog\u00edas de equilibrio microbiano ofrecen una alternativa saludable, natural y altamente eficaz a los productos qu\u00edmicos.<\/p>\n<p>Describe la inteligencia natural de los microorganismos que trabajan juntos y pueden restaurar la salud de cualquier entorno f\u00edsico.<\/p>\n[\/et_pb_text][\/et_pb_column][\/et_pb_row][\/et_pb_section][et_pb_section fb_built=\u201d1\u2033 custom_padding_last_edited=\u201don|phone\u201d _builder_version=\u201d4.7.7\u2033 _module_preset=\u201ddefault\u201d background_color=\u201d#f8f7f5\u2033 width=\u201d 100%\u201d custom_padding=\u201d2vh||2vh||true|false\u201d custom_padding_tablet=\u201d0px||0px||true|false\u201d custom_padding_phone=\u201d2vh||2vh||true|false\u201d global_colors_info=\u201d{}\u201d][et_pb_row column_structure=\u201d1_2,1_2\u2033 custom_padding_last_edited=\u201don|phone\u201d _builder_version=\u201d4.8.1\u2033 _module_preset=\u201ddefault\u201d width=\u201d95vw\u201d max_width=\u201d2560px\u201d custom_padding=\u201d4vh|2vh|4vh|2vh|true|true \u201d custom_padding_tablet=\u201d||||true|true\u201d custom_padding_phone=\u201d0px|2vh|0px|2vh|true|true\u201d global_colors_info=\u201d{}\u201d][et_pb_column type=\u201d1_2\u2033 _builder_version=\u201d4.6.2\u2033 _module_preset= \u201dpredeterminado\u201d global_colors_info=\u201d{}\u201d][et_pb_text _builder_version=\u201d4.8.1\u2033 _module_preset=\u201ddefault\u201d text_font_size=\u201d22px\u201d text_line_height=\u201d1.3em\u201d header_2_font_size=\u201d58px\u201d header_2_line_height=\u201d1.2em\u201d custom_margin_tablet=\u201d| 0vw|2vh|0vw|false|true\u201d custom_margin_phone=\u201d|0vw|4vh|0vw|false|false\u201d custom_margin_last_edited=\u201don|phone\u201d custom_padding_tablet=\u201d\u201d custom_padding_phone=\u201d\u201d custom_padding_last_edited=\u201don|phone\u201d text_font_size_tablet=\u201d\u201d text_font_size_phone=\u201d18px\u201d text_font_size_last_edited=\u201don|phone\u201d text_letter_spacing_tablet=\u201d\u201d text_letter_spacing_phone=\u201d\u201d text_letter_spacing_last_edited=\u201don|phone\u201d header_2_font_size_tablet=\u201d\u201d header_2_font_size_phone=\u201d30px\u201d header_2_font_size_last_edited =\u201den|tel\u00e9fono\u201d global_colors_info=\u201d{}\u201d]\n<h2>Una soluci\u00f3n para salvar el planeta<\/h2>\n<p>En este v\u00eddeo, agricultores y cient\u00edficos del suelo de Australia hablan sobre c\u00f3mo pasar de una agricultura de &quot;extracci\u00f3n&quot; que extrae las bondades del suelo a un modelo que sea sostenible. El resultado es un suelo vivo, rico en minerales y denso en nutrientes que podr\u00eda salvar el planeta.<\/p>\n[\/et_pb_text][\/et_pb_column][et_pb_column type=\u201d1_2\u2033 _builder_version=\u201d4.6.2\u2033 _module_preset=\u201ddefault\u201d global_colors_info=\u201d{}\u201d][et_pb_video src=\u201dhttps:\/\/www.youtube.com\/watch ?v=o7FsP3qw2so&amp;feature=emb_logo\u201d image_src=\u201dhttps:\/\/lifeworks.global\/wp-content\/uploads\/2021\/01\/Tractor-farming-australia-optimised.jpg\u201d thumbnail_overlay_color=\u201drgba(0,0,0,0 )\u201d _builder_version=\u201d4.8.1\u2033 _module_preset=\u201ddefault\u201d background_color=\u201d#ffffff\u201d custom_padding=\u201d|||3px||\u201d global_colors_info=\u201d{}\u201d][\/et_pb_video][\/et_pb_column][\/et_pb_row][\/et_pb_section]","protected":false},"excerpt":{"rendered":"<p>Una revoluci\u00f3n silenciosa Durante los \u00faltimos 20 a\u00f1os, se ha producido una revoluci\u00f3n silenciosa en laboratorios, institutos de investigaci\u00f3n y comunidades agr\u00edcolas innovadoras. As\u00ed como nuestra creciente comprensi\u00f3n del microbioma humano est\u00e1 revolucionando la medicina, lo mismo est\u00e1 sucediendo en la agricultura. Cient\u00edficos de todo el mundo est\u00e1n estudiando el poder de los microorganismos naturales para mejorar el suelo [\u2026]<\/p>","protected":false},"author":3,"featured_media":0,"parent":0,"menu_order":0,"comment_status":"closed","ping_status":"closed","template":"","meta":{"_et_pb_use_builder":"on","_et_pb_old_content":"","_et_gb_content_width":"","footnotes":""},"class_list":["post-1434","page","type-page","status-publish","hentry"],"aioseo_notices":[],"_links":{"self":[{"href":"https:\/\/lifeworks.global\/es\/wp-json\/wp\/v2\/pages\/1434","targetHints":{"allow":["GET"]}}],"collection":[{"href":"https:\/\/lifeworks.global\/es\/wp-json\/wp\/v2\/pages"}],"about":[{"href":"https:\/\/lifeworks.global\/es\/wp-json\/wp\/v2\/types\/page"}],"author":[{"embeddable":true,"href":"https:\/\/lifeworks.global\/es\/wp-json\/wp\/v2\/users\/3"}],"replies":[{"embeddable":true,"href":"https:\/\/lifeworks.global\/es\/wp-json\/wp\/v2\/comments?post=1434"}],"version-history":[{"count":15,"href":"https:\/\/lifeworks.global\/es\/wp-json\/wp\/v2\/pages\/1434\/revisions"}],"predecessor-version":[{"id":5262,"href":"https:\/\/lifeworks.global\/es\/wp-json\/wp\/v2\/pages\/1434\/revisions\/5262"}],"wp:attachment":[{"href":"https:\/\/lifeworks.global\/es\/wp-json\/wp\/v2\/media?parent=1434"}],"curies":[{"name":"wp","href":"https:\/\/api.w.org\/{rel}","templated":true}]}}